{"id":7408,"date":"2024-03-04T10:02:03","date_gmt":"2024-03-04T10:02:03","guid":{"rendered":"https:\/\/crm-constantine.dz\/en\/?post_type=product&#038;p=7408"},"modified":"2024-03-04T10:02:03","modified_gmt":"2024-03-04T10:02:03","slug":"banc-dessais-de-torsion","status":"publish","type":"product","link":"https:\/\/crm-constantine.dz\/en\/product\/banc-dessais-de-torsion\/","title":{"rendered":"Banc d\u2019essais de torsion"},"content":{"rendered":"<p>-Banc d\u2019essais de torsion sans jeu angulaire<\/p>\n<p>-Capacit\u00e9 : \u00b1500 Nm<\/p>\n<p>-Vitesse de rotation : 12 min-1<\/p>\n<p>-Rotations : 43\u2019200 -Pr\u00e9cision couple : 1%<\/p>\n<p>-Longueur maximale de l\u2019\u00e9prouvette : 300 mm<\/p>\n<p>-T\u00e9l\u00e9commande avec afficheur<\/p>\n<p>-Pilotage par PC<\/p>\n<p>-Logiciel de contr\u00f4le d\u2019acquisition et de traitement de donn\u00e9es<\/p>\n<p>-Libert\u00e9 lat\u00e9rale et axiale<\/p>\n<p>-Affichage multi courbes<\/p>\n<p>-Calcul de pente, hyst\u00e9r\u00e9sis, \u00e9nergie\u2026 Etc<\/p>\n<p>-Affichage des courbes en temps r\u00e9el et archivage<\/p>\n<p>-Machine compacte sur table sp\u00e9ciale<\/p>\n<p>-Analyse courbe -Four \u00e0 haute temp\u00e9rature de 1000\u00b0C<\/p>\n<p>-Couvercle de protection pou tout l\u2019espace d\u2019essai<\/p>\n<p>-Certificats de calibration<\/p>\n<p>-Dimensions et poids : 1520x405x470 mm, 230 kg<\/p>\n<p>-Alimentation : 220 V<\/p>\n","protected":false},"excerpt":{"rendered":"<p>-Banc d\u2019essais de torsion sans jeu angulaire -Capacit\u00e9 : \u00b1500 Nm -Vitesse de rotation : 12 min-1 -Rotations : 43\u2019200 -Pr\u00e9cision couple : 1% -Longueur maximale de l\u2019\u00e9prouvette : 300 mm -T\u00e9l\u00e9commande avec afficheur -Pilotage par PC -Logiciel de contr\u00f4le d\u2019acquisition et de traitement de donn\u00e9es -Libert\u00e9 lat\u00e9rale et axiale -Affichage multi courbes -Calcul de pente, hyst\u00e9r\u00e9sis, \u00e9nergie\u2026 Etc -Affichage des courbes en temps r\u00e9el et archivage -Machine compacte sur table sp\u00e9ciale -Analyse courbe -Four \u00e0 haute temp\u00e9rature de 1000\u00b0C -Couvercle de protection pou tout l\u2019espace d\u2019essai -Certificats de calibration -Dimensions et poids : 1520x405x470 mm, 230 kg -Alimentation : 220 V<\/p>\n","protected":false},"featured_media":7411,"template":"","meta":{"_seopress_robots_primary_cat":"","_seopress_titles_title":"","_seopress_titles_desc":"","_seopress_robots_index":"","ngg_post_thumbnail":0},"product_cat":[152],"product_tag":[],"_links":{"self":[{"href":"https:\/\/crm-constantine.dz\/en\/wp-json\/wp\/v2\/product\/7408"}],"collection":[{"href":"https:\/\/crm-constantine.dz\/en\/wp-json\/wp\/v2\/product"}],"about":[{"href":"https:\/\/crm-constantine.dz\/en\/wp-json\/wp\/v2\/types\/product"}],"wp:featuredmedia":[{"embeddable":true,"href":"https:\/\/crm-constantine.dz\/en\/wp-json\/wp\/v2\/media\/7411"}],"wp:attachment":[{"href":"https:\/\/crm-constantine.dz\/en\/wp-json\/wp\/v2\/media?parent=7408"}],"wp:term":[{"taxonomy":"product_cat","embeddable":true,"href":"https:\/\/crm-constantine.dz\/en\/wp-json\/wp\/v2\/product_cat?post=7408"},{"taxonomy":"product_tag","embeddable":true,"href":"https:\/\/crm-constantine.dz\/en\/wp-json\/wp\/v2\/product_tag?post=7408"}],"curies":[{"name":"wp","href":"https:\/\/api.w.org\/{rel}","templated":true}]}}