{"id":7404,"date":"2024-03-04T09:58:47","date_gmt":"2024-03-04T09:58:47","guid":{"rendered":"https:\/\/crm-constantine.dz\/en\/?post_type=product&#038;p=7404"},"modified":"2024-03-04T09:58:47","modified_gmt":"2024-03-04T09:58:47","slug":"machine-dessais-de-resilience-des-materiaux-elastomeres","status":"publish","type":"product","link":"https:\/\/crm-constantine.dz\/en\/product\/machine-dessais-de-resilience-des-materiaux-elastomeres\/","title":{"rendered":"Machine d\u2019essais de r\u00e9silience des mat\u00e9riaux \u00e9lastom\u00e8res"},"content":{"rendered":"<p>-Mesure de la r\u00e9silience sur \u00e9chantillons \u00e9lastom\u00e8res<\/p>\n<p>-Mesure de rebondissement de la massue apr\u00e8s choc avec l\u2019\u00e9chantillon<\/p>\n<p>-R\u00e9sultats d\u2019essai : 5 mesures de r\u00e9silience (Retour %)<\/p>\n<p>-Calcul de la moyenne et de la d\u00e9viation standard<\/p>\n<p>-Donn\u00e9e d\u2019identification de l\u2019essai, mesures, moyenne et d\u00e9viation standard<\/p>\n<p>-R\u00e9solution : 2% -Console \u00c9lectronique : A microprocesseur avec \u00e9cran tactile<\/p>\n<p>-Interface USB pour transmission donn\u00e9es<\/p>\n<p>-Alimentation : 220 VAC \u00b110%, 50 Hz \u00b13, 4 A, monophas\u00e9<\/p>\n<p>-Puissance absorb\u00e9e : 40 W<\/p>\n","protected":false},"excerpt":{"rendered":"<p>-Mesure de la r\u00e9silience sur \u00e9chantillons \u00e9lastom\u00e8res -Mesure de rebondissement de la massue apr\u00e8s choc avec l\u2019\u00e9chantillon -R\u00e9sultats d\u2019essai : 5 mesures de r\u00e9silience (Retour %) -Calcul de la moyenne et de la d\u00e9viation standard -Donn\u00e9e d\u2019identification de l\u2019essai, mesures, moyenne et d\u00e9viation standard -R\u00e9solution : 2% -Console \u00c9lectronique : A microprocesseur avec \u00e9cran tactile -Interface USB pour transmission donn\u00e9es -Alimentation : 220 VAC \u00b110%, 50 Hz \u00b13, 4 A, monophas\u00e9 -Puissance absorb\u00e9e : 40 W<\/p>\n","protected":false},"featured_media":7407,"template":"","meta":{"_seopress_robots_primary_cat":"","_seopress_titles_title":"","_seopress_titles_desc":"","_seopress_robots_index":"","ngg_post_thumbnail":0},"product_cat":[152],"product_tag":[],"_links":{"self":[{"href":"https:\/\/crm-constantine.dz\/en\/wp-json\/wp\/v2\/product\/7404"}],"collection":[{"href":"https:\/\/crm-constantine.dz\/en\/wp-json\/wp\/v2\/product"}],"about":[{"href":"https:\/\/crm-constantine.dz\/en\/wp-json\/wp\/v2\/types\/product"}],"wp:featuredmedia":[{"embeddable":true,"href":"https:\/\/crm-constantine.dz\/en\/wp-json\/wp\/v2\/media\/7407"}],"wp:attachment":[{"href":"https:\/\/crm-constantine.dz\/en\/wp-json\/wp\/v2\/media?parent=7404"}],"wp:term":[{"taxonomy":"product_cat","embeddable":true,"href":"https:\/\/crm-constantine.dz\/en\/wp-json\/wp\/v2\/product_cat?post=7404"},{"taxonomy":"product_tag","embeddable":true,"href":"https:\/\/crm-constantine.dz\/en\/wp-json\/wp\/v2\/product_tag?post=7404"}],"curies":[{"name":"wp","href":"https:\/\/api.w.org\/{rel}","templated":true}]}}