{"id":7396,"date":"2024-03-04T09:52:18","date_gmt":"2024-03-04T09:52:18","guid":{"rendered":"https:\/\/crm-constantine.dz\/en\/?post_type=product&#038;p=7396"},"modified":"2024-03-04T09:52:18","modified_gmt":"2024-03-04T09:52:18","slug":"machine-dessais-de-resilience-mouton-charpy","status":"publish","type":"product","link":"https:\/\/crm-constantine.dz\/en\/product\/machine-dessais-de-resilience-mouton-charpy\/","title":{"rendered":"Machine d\u2019essais de r\u00e9silience : Mouton Charpy"},"content":{"rendered":"<p>-Energie : 750 J<\/p>\n<p>-Vitesse : 5.5 m\/s<\/p>\n<p>-R\u00e9solution : 0.5 J<\/p>\n<p>-Pilotage par PC<\/p>\n<p>-Calcul et archivage des r\u00e9sultats<\/p>\n<p>-Accrochage automatique du pendule par bras motoris\u00e9<\/p>\n<p>-D\u00e9clenchement automatique de l\u2019essai<\/p>\n<p>-G\u00e9om\u00e9trie du couteau selon les normes EN 10045<\/p>\n<p>-Largeur du couteau : 18 mm<\/p>\n<p>-Angle du couteau : 30\u00b0<\/p>\n<p>-Rayon du couteau : 2 mm<\/p>\n<p>-Distance entre appuis : 40 mm<\/p>\n<p>-Rayon des appuis : 1 mm<\/p>\n<p>-D\u00e9pouille des appuis : 11\u00b0<\/p>\n<p>-Angle : 150\u00b0<\/p>\n<p>-Cabine de protection<\/p>\n<p>-Logiciel de contr\u00f4le d\u2019acquisition et de traitement de donn\u00e9es<\/p>\n<p>-Dimensions et poids : 2150x660x2000 mm, 1250 kg<\/p>\n","protected":false},"excerpt":{"rendered":"<p>-Energie : 750 J -Vitesse : 5.5 m\/s -R\u00e9solution : 0.5 J -Pilotage par PC -Calcul et archivage des r\u00e9sultats -Accrochage automatique du pendule par bras motoris\u00e9 -D\u00e9clenchement automatique de l\u2019essai -G\u00e9om\u00e9trie du couteau selon les normes EN 10045 -Largeur du couteau : 18 mm -Angle du couteau : 30\u00b0 -Rayon du couteau : 2 mm -Distance entre appuis : 40 mm -Rayon des appuis : 1 mm -D\u00e9pouille des appuis : 11\u00b0 -Angle : 150\u00b0 -Cabine de protection -Logiciel de contr\u00f4le d\u2019acquisition et de traitement de donn\u00e9es -Dimensions et poids : 2150x660x2000 mm, 1250 kg<\/p>\n","protected":false},"featured_media":7399,"template":"","meta":{"_seopress_robots_primary_cat":"","_seopress_titles_title":"","_seopress_titles_desc":"","_seopress_robots_index":"","ngg_post_thumbnail":0},"product_cat":[152],"product_tag":[],"_links":{"self":[{"href":"https:\/\/crm-constantine.dz\/en\/wp-json\/wp\/v2\/product\/7396"}],"collection":[{"href":"https:\/\/crm-constantine.dz\/en\/wp-json\/wp\/v2\/product"}],"about":[{"href":"https:\/\/crm-constantine.dz\/en\/wp-json\/wp\/v2\/types\/product"}],"wp:featuredmedia":[{"embeddable":true,"href":"https:\/\/crm-constantine.dz\/en\/wp-json\/wp\/v2\/media\/7399"}],"wp:attachment":[{"href":"https:\/\/crm-constantine.dz\/en\/wp-json\/wp\/v2\/media?parent=7396"}],"wp:term":[{"taxonomy":"product_cat","embeddable":true,"href":"https:\/\/crm-constantine.dz\/en\/wp-json\/wp\/v2\/product_cat?post=7396"},{"taxonomy":"product_tag","embeddable":true,"href":"https:\/\/crm-constantine.dz\/en\/wp-json\/wp\/v2\/product_tag?post=7396"}],"curies":[{"name":"wp","href":"https:\/\/api.w.org\/{rel}","templated":true}]}}