{"id":7392,"date":"2024-03-04T09:43:59","date_gmt":"2024-03-04T09:43:59","guid":{"rendered":"https:\/\/crm-constantine.dz\/en\/?post_type=product&#038;p=7392"},"modified":"2024-03-04T09:43:59","modified_gmt":"2024-03-04T09:43:59","slug":"machine-dessai-de-durete-universelle-avec-camera-et-ecran","status":"publish","type":"product","link":"https:\/\/crm-constantine.dz\/en\/product\/machine-dessai-de-durete-universelle-avec-camera-et-ecran\/","title":{"rendered":"Machine d\u2019essai de duret\u00e9 universelle avec cam\u00e9ra et \u00e9cran"},"content":{"rendered":"<p>-M\u00e9thodes d\u2019essais Vickers, Brinell et Rockwell selon les normes ISO et ASTM Affichage digital de la valeur de duret\u00e9 et de l\u2019empreinte et lecture sur \u00e9cran tactile<\/p>\n<p>-Syst\u00e8me de mesure optique et grossissement variable par zoom<\/p>\n<p>-Lecture de l\u2019empreinte automatique par analyse d\u2019image ou manuelle<\/p>\n<p>-Gamme de charge de 1 \u00e0 250 kgf -Application de charge par cellule de force<\/p>\n<p>-Tourelle motoris\u00e9e \u00e0 6 positions basculements automatiques avec 6 positions p\u00e9n\u00e9trateurs\/objectif<\/p>\n<p>-Statistique int\u00e9gr\u00e9e -Syst\u00e8me d\u2019\u00e9clairage par LED<\/p>\n<p>-Application automatique de la charge<\/p>\n<p>-D\u00e9tection automatique de la position de la pi\u00e8ce<\/p>\n<p>-Syst\u00e8me optique de 5 MPixels<\/p>\n<p>-Objectifs : 0.7X, 2.5X et 10X<\/p>\n<p>-Grossissement : 0.7x to 1000x<\/p>\n<p>-Autofocus -Sortie RS 232 et USB<\/p>\n<p>-Dimensions et poids : 400 x 650 x 1440 mm, 242 kg<\/p>\n<p>-Alimentation : 220 V<\/p>\n","protected":false},"excerpt":{"rendered":"<p>-M\u00e9thodes d\u2019essais Vickers, Brinell et Rockwell selon les normes ISO et ASTM Affichage digital de la valeur de duret\u00e9 et de l\u2019empreinte et lecture sur \u00e9cran tactile -Syst\u00e8me de mesure optique et grossissement variable par zoom -Lecture de l\u2019empreinte automatique par analyse d\u2019image ou manuelle -Gamme de charge de 1 \u00e0 250 kgf -Application de charge par cellule de force -Tourelle motoris\u00e9e \u00e0 6 positions basculements automatiques avec 6 positions p\u00e9n\u00e9trateurs\/objectif -Statistique int\u00e9gr\u00e9e -Syst\u00e8me d\u2019\u00e9clairage par LED -Application automatique de la charge -D\u00e9tection automatique de la position de la pi\u00e8ce -Syst\u00e8me optique de 5 MPixels -Objectifs : 0.7X, 2.5X et 10X -Grossissement : 0.7x to 1000x -Autofocus -Sortie RS 232 et USB -Dimensions et poids : 400 x 650 x 1440 mm, 242 kg -Alimentation : 220 V<\/p>\n","protected":false},"featured_media":7395,"template":"","meta":{"_seopress_robots_primary_cat":"","_seopress_titles_title":"","_seopress_titles_desc":"","_seopress_robots_index":"","ngg_post_thumbnail":0},"product_cat":[152],"product_tag":[],"_links":{"self":[{"href":"https:\/\/crm-constantine.dz\/en\/wp-json\/wp\/v2\/product\/7392"}],"collection":[{"href":"https:\/\/crm-constantine.dz\/en\/wp-json\/wp\/v2\/product"}],"about":[{"href":"https:\/\/crm-constantine.dz\/en\/wp-json\/wp\/v2\/types\/product"}],"wp:featuredmedia":[{"embeddable":true,"href":"https:\/\/crm-constantine.dz\/en\/wp-json\/wp\/v2\/media\/7395"}],"wp:attachment":[{"href":"https:\/\/crm-constantine.dz\/en\/wp-json\/wp\/v2\/media?parent=7392"}],"wp:term":[{"taxonomy":"product_cat","embeddable":true,"href":"https:\/\/crm-constantine.dz\/en\/wp-json\/wp\/v2\/product_cat?post=7392"},{"taxonomy":"product_tag","embeddable":true,"href":"https:\/\/crm-constantine.dz\/en\/wp-json\/wp\/v2\/product_tag?post=7392"}],"curies":[{"name":"wp","href":"https:\/\/api.w.org\/{rel}","templated":true}]}}