{"id":7388,"date":"2024-03-04T09:40:50","date_gmt":"2024-03-04T09:40:50","guid":{"rendered":"https:\/\/crm-constantine.dz\/en\/?post_type=product&#038;p=7388"},"modified":"2024-03-04T09:40:50","modified_gmt":"2024-03-04T09:40:50","slug":"machine-dessai-de-durete-universelle","status":"publish","type":"product","link":"https:\/\/crm-constantine.dz\/en\/product\/machine-dessai-de-durete-universelle\/","title":{"rendered":"Machine d\u2019essai de duret\u00e9 universelle"},"content":{"rendered":"<p>-Plage de charge d\u2019essai : de 10 \u00e0 3000 kgf<\/p>\n<p>-Syst\u00e8me num\u00e9rique de mesure de la course<\/p>\n<p>-Capteur de force<\/p>\n<p>-P\u00e9n\u00e9trateurs interchangeables<\/p>\n<p>-Essais de duret\u00e9 : Brinell, Rockwell, Vickers et knoop<\/p>\n<p>-Application automatique de la charge<\/p>\n<p>-D\u00e9tection automatique de la position de la pi\u00e8ce<\/p>\n<p>-Mesure automatique et manuelle<\/p>\n<p>-Tourelle motoris\u00e9e \u00e0 6 positions basculements automatiques avec 6 positions p\u00e9n\u00e9trateurs\/objectif<\/p>\n<p>-Syst\u00e8me optique de 5 MPixels<\/p>\n<p>-Objectifs : 0.7X, 2.5X et 10X<\/p>\n<p>-Grossissement : 0.7x to 1000x<\/p>\n<p>-Lampe d\u2019\u00e9clairage<\/p>\n<p>-Autofocus<\/p>\n<p>-\u00c9cran tactile de commande avec logiciel sous Windows<\/p>\n<p>-M\u00e9morisation des programmes<\/p>\n<p>-Statistique<\/p>\n<p>-Sortie RS 232 et USB<\/p>\n<p>-Dimensions et poids : 400 x 650 x 1440 mm, 242 kg<\/p>\n<p>-Alimentation : 220 V<\/p>\n","protected":false},"excerpt":{"rendered":"<p>-Plage de charge d\u2019essai : de 10 \u00e0 3000 kgf -Syst\u00e8me num\u00e9rique de mesure de la course -Capteur de force -P\u00e9n\u00e9trateurs interchangeables -Essais de duret\u00e9 : Brinell, Rockwell, Vickers et knoop -Application automatique de la charge -D\u00e9tection automatique de la position de la pi\u00e8ce -Mesure automatique et manuelle -Tourelle motoris\u00e9e \u00e0 6 positions basculements automatiques avec 6 positions p\u00e9n\u00e9trateurs\/objectif -Syst\u00e8me optique de 5 MPixels -Objectifs : 0.7X, 2.5X et 10X -Grossissement : 0.7x to 1000x -Lampe d\u2019\u00e9clairage -Autofocus -\u00c9cran tactile de commande avec logiciel sous Windows -M\u00e9morisation des programmes -Statistique -Sortie RS 232 et USB -Dimensions et poids : 400 x 650 x 1440 mm, 242 kg -Alimentation : 220 V<\/p>\n","protected":false},"featured_media":7391,"template":"","meta":{"_seopress_robots_primary_cat":"","_seopress_titles_title":"","_seopress_titles_desc":"","_seopress_robots_index":"","ngg_post_thumbnail":0},"product_cat":[152],"product_tag":[],"_links":{"self":[{"href":"https:\/\/crm-constantine.dz\/en\/wp-json\/wp\/v2\/product\/7388"}],"collection":[{"href":"https:\/\/crm-constantine.dz\/en\/wp-json\/wp\/v2\/product"}],"about":[{"href":"https:\/\/crm-constantine.dz\/en\/wp-json\/wp\/v2\/types\/product"}],"wp:featuredmedia":[{"embeddable":true,"href":"https:\/\/crm-constantine.dz\/en\/wp-json\/wp\/v2\/media\/7391"}],"wp:attachment":[{"href":"https:\/\/crm-constantine.dz\/en\/wp-json\/wp\/v2\/media?parent=7388"}],"wp:term":[{"taxonomy":"product_cat","embeddable":true,"href":"https:\/\/crm-constantine.dz\/en\/wp-json\/wp\/v2\/product_cat?post=7388"},{"taxonomy":"product_tag","embeddable":true,"href":"https:\/\/crm-constantine.dz\/en\/wp-json\/wp\/v2\/product_tag?post=7388"}],"curies":[{"name":"wp","href":"https:\/\/api.w.org\/{rel}","templated":true}]}}