{"id":7384,"date":"2024-03-04T09:37:44","date_gmt":"2024-03-04T09:37:44","guid":{"rendered":"https:\/\/crm-constantine.dz\/en\/?post_type=product&#038;p=7384"},"modified":"2024-03-04T09:37:44","modified_gmt":"2024-03-04T09:37:44","slug":"machine-dessai-de-cisaillement-pour-sols","status":"publish","type":"product","link":"https:\/\/crm-constantine.dz\/en\/product\/machine-dessai-de-cisaillement-pour-sols\/","title":{"rendered":"Machine d\u2019essai de cisaillement pour sols"},"content":{"rendered":"<p>-Machine digitale automatique de cisaillement direct<\/p>\n<p>-Contr\u00f4le par microprocesseur<\/p>\n<p>-Afficheur digital grands dimensions pour la visualisation de l\u2019essai en cours<\/p>\n<p>-Vitesse d\u2019essai : 0.00001 to 9.99999 mm\/min<\/p>\n<p>-Sortie pour acquisition de donn\u00e9es sur PC<\/p>\n<p>-Logiciel de contr\u00f4le, d\u2019acquisition et de traitement de donn\u00e9es<\/p>\n<p>-Capteur de d\u00e9placement vertical 10&#215;0.001 mm<\/p>\n<p>-Capteur de d\u00e9placement horizontal 25&#215;0.001 mm<\/p>\n<p>-Cellule de charge 5 kN<\/p>\n<p>-Bras de levier rapport : 9:1, 10:1 et 11:1, application verticale de la charge<\/p>\n<p>-Jeu de masses fendues total de 50 kg -Dimensions et poids : 470x610x950 mm, 89 kg<\/p>\n<p>-Alimentation : 220 V<\/p>\n<p>Remarque : N\u2019ayant pas de d\u00e9tails concernant la taille de l\u2019\u00e9chantillon, nous vous proposons des accessoires pour \u00e9chantillon 60&#215;60 mm<\/p>\n<p>Livr\u00e9e sans PC<\/p>\n","protected":false},"excerpt":{"rendered":"<p>-Machine digitale automatique de cisaillement direct -Contr\u00f4le par microprocesseur -Afficheur digital grands dimensions pour la visualisation de l\u2019essai en cours -Vitesse d\u2019essai : 0.00001 to 9.99999 mm\/min -Sortie pour acquisition de donn\u00e9es sur PC -Logiciel de contr\u00f4le, d\u2019acquisition et de traitement de donn\u00e9es -Capteur de d\u00e9placement vertical 10&#215;0.001 mm -Capteur de d\u00e9placement horizontal 25&#215;0.001 mm -Cellule de charge 5 kN -Bras de levier rapport : 9:1, 10:1 et 11:1, application verticale de la charge -Jeu de masses fendues total de 50 kg -Dimensions et poids : 470x610x950 mm, 89 kg -Alimentation : 220 V Remarque : N\u2019ayant pas de d\u00e9tails concernant la taille de l\u2019\u00e9chantillon, nous vous proposons des accessoires pour \u00e9chantillon 60&#215;60 mm Livr\u00e9e sans PC<\/p>\n","protected":false},"featured_media":7387,"template":"","meta":{"_seopress_robots_primary_cat":"","_seopress_titles_title":"","_seopress_titles_desc":"","_seopress_robots_index":"","ngg_post_thumbnail":0},"product_cat":[152],"product_tag":[],"_links":{"self":[{"href":"https:\/\/crm-constantine.dz\/en\/wp-json\/wp\/v2\/product\/7384"}],"collection":[{"href":"https:\/\/crm-constantine.dz\/en\/wp-json\/wp\/v2\/product"}],"about":[{"href":"https:\/\/crm-constantine.dz\/en\/wp-json\/wp\/v2\/types\/product"}],"wp:featuredmedia":[{"embeddable":true,"href":"https:\/\/crm-constantine.dz\/en\/wp-json\/wp\/v2\/media\/7387"}],"wp:attachment":[{"href":"https:\/\/crm-constantine.dz\/en\/wp-json\/wp\/v2\/media?parent=7384"}],"wp:term":[{"taxonomy":"product_cat","embeddable":true,"href":"https:\/\/crm-constantine.dz\/en\/wp-json\/wp\/v2\/product_cat?post=7384"},{"taxonomy":"product_tag","embeddable":true,"href":"https:\/\/crm-constantine.dz\/en\/wp-json\/wp\/v2\/product_tag?post=7384"}],"curies":[{"name":"wp","href":"https:\/\/api.w.org\/{rel}","templated":true}]}}