{"id":7370,"date":"2024-03-03T21:31:28","date_gmt":"2024-03-03T21:31:28","guid":{"rendered":"https:\/\/crm-constantine.dz\/en\/?post_type=product&#038;p=7370"},"modified":"2024-03-03T21:31:28","modified_gmt":"2024-03-03T21:31:28","slug":"machine-universelle-de-300-kn-pilotee-par-pc","status":"publish","type":"product","link":"https:\/\/crm-constantine.dz\/en\/product\/machine-universelle-de-300-kn-pilotee-par-pc\/","title":{"rendered":"Machine universelle de 300 kN pilot\u00e9e par PC"},"content":{"rendered":"<ul>\n<li>Pilotage par micro ordinateur avec interface permettant de g\u00e9rer simultan\u00e9ment les grandeurs force, d\u00e9placement et extensom\u00e8tre<\/li>\n<li>PC performant<\/li>\n<li>Charge variante de 0 \u00e0 300 kN en traction et compression<\/li>\n<li>2 colonnes en acier, chrom\u00e9es et rectifi\u00e9es avec syst\u00e8me de guidage<\/li>\n<li>R\u00e9gulation de force<\/li>\n<li>Espace verticale ajustable : 0 \u2013 1300 mm<\/li>\n<li>Espace horizontal : 600 mm<\/li>\n<li>R\u00e9solution du d\u00e9placement : 0,001 mm<\/li>\n<li>Vitesse d&#8217;essai : 0,001 &#8211; 500 mm\/min<\/li>\n<li>M\u00e2choires m\u00e9caniques avec syst\u00e8me de fermeture en coin avec mordaches pour \u00e9prouvettes plates de 0 \u00e0 30 mm et rondes de diam\u00e8tre 6 \u00e0 30 mm<\/li>\n<li>Cellule de charge de 300 kN avec syst\u00e8me de montage\/d\u00e9montage facile<\/li>\n<li>Plateaux de compression en acier, \u00d8 160 mm<\/li>\n<li>Extensom\u00e8tre axial pour une mesure sur le domaine \u00e9lastique et jusqu\u2019\u00e0 la rupture<br \/>\n&#8211; Course: 50 mm<br \/>\n&#8211; Longueur de base : 10 \u00e0 50 mm<\/li>\n<li>Livr\u00e9 avec certificat d\u2019\u00e9talonnage<\/li>\n<li>Dispositif de flexion 3 points fabriqu\u00e9 en acier, 100 kN, distance entre appuis inf\u00e9rieurs jusqu&#8217;\u00e0 500mm<\/li>\n<li>Jeux d\u2019\u00e9prouvettes normalis\u00e9es en deux mat\u00e9riaux de diff\u00e9rentes caract\u00e9ristiques m\u00e9caniques<\/li>\n<li>Certificat d&#8217;\u00e9talonnage \u00e9mis par le laboratoire de m\u00e9trologie IBERTEST, accr\u00e9dit\u00e9 ENAC.<\/li>\n<li>Syst\u00e8me de protection de l&#8217;\u00e9lectronique de contr\u00f4le<\/li>\n<li>Logiciel avec les fonctionnalit\u00e9s suivantes :<br \/>\n&#8211; Configuration et programmation des essais conform\u00e9ment \u00e0 la norme<br \/>\n&#8211; D\u00e9veloppement automatique de l&#8217;essai avec affichage a l&#8217;\u00e9cran en temps r\u00e9el<br \/>\n&#8211; Cr\u00e9ation automatique de rapports personnalisables apr\u00e8s l&#8217;essai<br \/>\n&#8211; R\u00e9alisation de calculs indirects automatiques<br \/>\n&#8211; Outils d&#8217;analyse de donn\u00e9es et statistiques,<br \/>\n&#8211; Cr\u00e9ation de graphiques, exportation de donn\u00e9es aux formats ASCII ou CSV, etc<\/li>\n<li>Documentation technique \u00e9crite et sur support informatique<\/li>\n<li>Dimensions et poids : 1200 x 650 x 2600mm, 1460 kg<\/li>\n<li>Alimentation triphas\u00e9e 380 V<\/li>\n<\/ul>\n","protected":false},"excerpt":{"rendered":"<p>Pilotage par micro ordinateur avec interface permettant de g\u00e9rer simultan\u00e9ment les grandeurs force, d\u00e9placement et extensom\u00e8tre PC performant Charge variante de 0 \u00e0 300 kN en traction et compression 2 colonnes en acier, chrom\u00e9es et rectifi\u00e9es avec syst\u00e8me de guidage R\u00e9gulation de force Espace verticale ajustable : 0 \u2013 1300 mm Espace horizontal : 600 mm R\u00e9solution du d\u00e9placement : 0,001 mm Vitesse d&#8217;essai : 0,001 &#8211; 500 mm\/min M\u00e2choires m\u00e9caniques avec syst\u00e8me de fermeture en coin avec mordaches pour \u00e9prouvettes plates de 0 \u00e0 30 mm et rondes de diam\u00e8tre 6 \u00e0 30 mm Cellule de charge de 300 kN avec syst\u00e8me de montage\/d\u00e9montage facile Plateaux de compression en acier, \u00d8 160 mm Extensom\u00e8tre axial pour une mesure sur le domaine \u00e9lastique et jusqu\u2019\u00e0 la rupture &#8211; Course: 50 mm &#8211; Longueur de base : 10 \u00e0 50 mm Livr\u00e9 avec certificat d\u2019\u00e9talonnage Dispositif de flexion 3 points fabriqu\u00e9 en acier, 100 kN, distance entre appuis inf\u00e9rieurs jusqu&#8217;\u00e0 500mm Jeux d\u2019\u00e9prouvettes normalis\u00e9es en deux mat\u00e9riaux de diff\u00e9rentes caract\u00e9ristiques m\u00e9caniques Certificat d&#8217;\u00e9talonnage \u00e9mis par le laboratoire de m\u00e9trologie IBERTEST, accr\u00e9dit\u00e9 ENAC. Syst\u00e8me de protection de l&#8217;\u00e9lectronique de contr\u00f4le Logiciel avec les fonctionnalit\u00e9s suivantes : &#8211; Configuration et programmation des essais conform\u00e9ment \u00e0 la norme &#8211; D\u00e9veloppement automatique de l&#8217;essai avec affichage a l&#8217;\u00e9cran en temps r\u00e9el &#8211; Cr\u00e9ation automatique de rapports personnalisables apr\u00e8s l&#8217;essai &#8211; R\u00e9alisation de calculs indirects automatiques &#8211; Outils d&#8217;analyse de donn\u00e9es et statistiques, &#8211; Cr\u00e9ation de graphiques, exportation de donn\u00e9es aux formats ASCII ou CSV, etc Documentation technique \u00e9crite et sur support informatique Dimensions et poids : 1200 x 650 x 2600mm, 1460 kg Alimentation triphas\u00e9e 380 V<\/p>\n","protected":false},"featured_media":7373,"template":"","meta":{"_seopress_robots_primary_cat":"","_seopress_titles_title":"","_seopress_titles_desc":"","_seopress_robots_index":"","ngg_post_thumbnail":0},"product_cat":[152],"product_tag":[],"_links":{"self":[{"href":"https:\/\/crm-constantine.dz\/en\/wp-json\/wp\/v2\/product\/7370"}],"collection":[{"href":"https:\/\/crm-constantine.dz\/en\/wp-json\/wp\/v2\/product"}],"about":[{"href":"https:\/\/crm-constantine.dz\/en\/wp-json\/wp\/v2\/types\/product"}],"wp:featuredmedia":[{"embeddable":true,"href":"https:\/\/crm-constantine.dz\/en\/wp-json\/wp\/v2\/media\/7373"}],"wp:attachment":[{"href":"https:\/\/crm-constantine.dz\/en\/wp-json\/wp\/v2\/media?parent=7370"}],"wp:term":[{"taxonomy":"product_cat","embeddable":true,"href":"https:\/\/crm-constantine.dz\/en\/wp-json\/wp\/v2\/product_cat?post=7370"},{"taxonomy":"product_tag","embeddable":true,"href":"https:\/\/crm-constantine.dz\/en\/wp-json\/wp\/v2\/product_tag?post=7370"}],"curies":[{"name":"wp","href":"https:\/\/api.w.org\/{rel}","templated":true}]}}