{"id":7362,"date":"2024-03-03T21:13:17","date_gmt":"2024-03-03T21:13:17","guid":{"rendered":"https:\/\/crm-constantine.dz\/en\/?post_type=product&#038;p=7362"},"modified":"2024-03-03T21:13:17","modified_gmt":"2024-03-03T21:13:17","slug":"machine-dessais-de-fluage","status":"publish","type":"product","link":"https:\/\/crm-constantine.dz\/en\/product\/machine-dessais-de-fluage\/","title":{"rendered":"Machine d\u2019essais de fluage"},"content":{"rendered":"<p>Machine d\u2019essais permettant de r\u00e9aliser des tests de fluage en traction<\/p>\n<p>1- V\u00e9rin de traction -Force de traction : 50 kN -Vitesse max : 70 mm\/min<\/p>\n<ul>\n<li>Course : 100 mm<\/li>\n<li>R\u00e9solution de la force : classe 0.5<\/li>\n<li>R\u00e9solution du d\u00e9placement : 1 micron<\/li>\n<\/ul>\n<p>2- Enceinte thermique construite en acier inox :<\/p>\n<ul>\n<li>R\u00e9gulation de temp\u00e9rature de l\u2019enceinte thermique jusqu\u2019\u00e0 280\u00b0C<\/li>\n<li>R\u00e9solution : 0.1\u00b0C<\/li>\n<li>Puissance : 2200 W<\/li>\n<li>\u00c9l\u00e9ments chauffants \u00e0 l\u2019arri\u00e8re<\/li>\n<li>Contr\u00f4leur int\u00e9gr\u00e9<\/li>\n<li>Roulettes permettant de retirer facilement l\u2019enceinte<\/li>\n<\/ul>\n<p>3- Contr\u00f4le de la machine :<\/p>\n<ul>\n<li>Contr\u00f4leur digital PCS-8000 avec une fr\u00e9quence d\u2019\u00e9chantillonnage atteignant 2 Mhz<\/li>\n<li>T\u00e9l\u00e9commande avec afficheur<\/li>\n<li>Logiciel de contr\u00f4le, d\u2019acquisition et de traitement de donn\u00e9es multifonctions telles que : Programmation des param\u00e8tres de l\u2019essai, Sauvegarde des param\u00e8tres de l\u2019essai, Contr\u00f4le des mouvements et fonctions, Acquisitions des mesures de d\u00e9placement, force et temp\u00e9rature, Visualisation des divers param\u00e8tres de mesure, Archivage des r\u00e9sultats, G\u00e9n\u00e9ration des rapports des essais.<\/li>\n<li>PC performant<\/li>\n<li>Dimensions et poids : 770x725x2300 mm, 700 kg -Alimentation : 220 V<\/li>\n<\/ul>\n","protected":false},"excerpt":{"rendered":"<p>Machine d\u2019essais permettant de r\u00e9aliser des tests de fluage en traction 1- V\u00e9rin de traction -Force de traction : 50 kN -Vitesse max : 70 mm\/min Course : 100 mm R\u00e9solution de la force : classe 0.5 R\u00e9solution du d\u00e9placement : 1 micron 2- Enceinte thermique construite en acier inox : R\u00e9gulation de temp\u00e9rature de l\u2019enceinte thermique jusqu\u2019\u00e0 280\u00b0C R\u00e9solution : 0.1\u00b0C Puissance : 2200 W \u00c9l\u00e9ments chauffants \u00e0 l\u2019arri\u00e8re Contr\u00f4leur int\u00e9gr\u00e9 Roulettes permettant de retirer facilement l\u2019enceinte 3- Contr\u00f4le de la machine : Contr\u00f4leur digital PCS-8000 avec une fr\u00e9quence d\u2019\u00e9chantillonnage atteignant 2 Mhz T\u00e9l\u00e9commande avec afficheur Logiciel de contr\u00f4le, d\u2019acquisition et de traitement de donn\u00e9es multifonctions telles que : Programmation des param\u00e8tres de l\u2019essai, Sauvegarde des param\u00e8tres de l\u2019essai, Contr\u00f4le des mouvements et fonctions, Acquisitions des mesures de d\u00e9placement, force et temp\u00e9rature, Visualisation des divers param\u00e8tres de mesure, Archivage des r\u00e9sultats, G\u00e9n\u00e9ration des rapports des essais. PC performant Dimensions et poids : 770x725x2300 mm, 700 kg -Alimentation : 220 V<\/p>\n","protected":false},"featured_media":7365,"template":"","meta":{"_seopress_robots_primary_cat":"","_seopress_titles_title":"","_seopress_titles_desc":"","_seopress_robots_index":"","ngg_post_thumbnail":0},"product_cat":[152],"product_tag":[],"_links":{"self":[{"href":"https:\/\/crm-constantine.dz\/en\/wp-json\/wp\/v2\/product\/7362"}],"collection":[{"href":"https:\/\/crm-constantine.dz\/en\/wp-json\/wp\/v2\/product"}],"about":[{"href":"https:\/\/crm-constantine.dz\/en\/wp-json\/wp\/v2\/types\/product"}],"wp:featuredmedia":[{"embeddable":true,"href":"https:\/\/crm-constantine.dz\/en\/wp-json\/wp\/v2\/media\/7365"}],"wp:attachment":[{"href":"https:\/\/crm-constantine.dz\/en\/wp-json\/wp\/v2\/media?parent=7362"}],"wp:term":[{"taxonomy":"product_cat","embeddable":true,"href":"https:\/\/crm-constantine.dz\/en\/wp-json\/wp\/v2\/product_cat?post=7362"},{"taxonomy":"product_tag","embeddable":true,"href":"https:\/\/crm-constantine.dz\/en\/wp-json\/wp\/v2\/product_tag?post=7362"}],"curies":[{"name":"wp","href":"https:\/\/api.w.org\/{rel}","templated":true}]}}