{"id":6826,"date":"2024-02-04T07:50:37","date_gmt":"2024-02-04T07:50:37","guid":{"rendered":"https:\/\/crm-constantine.dz\/en\/?page_id=6826"},"modified":"2024-02-04T08:06:20","modified_gmt":"2024-02-04T08:06:20","slug":"linnovation-par-la-conception-bio-inspiree","status":"publish","type":"page","link":"https:\/\/crm-constantine.dz\/en\/linnovation-par-la-conception-bio-inspiree\/","title":{"rendered":"L&#8217;innovation par la conception bio-inspiree"},"content":{"rendered":"\t\t<div data-elementor-type=\"wp-page\" data-elementor-id=\"6826\" class=\"elementor elementor-6826\" data-elementor-post-type=\"page\">\n\t\t\t\t<div class=\"elementor-element elementor-element-3800562 e-flex e-con-boxed wpr-particle-no wpr-jarallax-no wpr-parallax-no wpr-sticky-section-no e-con e-parent\" data-id=\"3800562\" data-element_type=\"container\">\n\t\t\t\t\t<div class=\"e-con-inner\">\n\t\t<div class=\"elementor-element elementor-element-a3c1121 e-con-full e-flex wpr-particle-no wpr-jarallax-no wpr-parallax-no wpr-sticky-section-no e-con e-child\" data-id=\"a3c1121\" data-element_type=\"container\">\n\t\t\t\t<div class=\"elementor-element elementor-element-93c5fb6 elementor-widget elementor-widget-text-editor\" data-id=\"93c5fb6\" data-element_type=\"widget\" data-widget_type=\"text-editor.default\">\n\t\t\t\t<div class=\"elementor-widget-container\">\n\t\t\t<style>\/*! elementor - v3.22.0 - 24-06-2024 *\/\n.elementor-widget-text-editor.elementor-drop-cap-view-stacked .elementor-drop-cap{background-color:#69727d;color:#fff}.elementor-widget-text-editor.elementor-drop-cap-view-framed .elementor-drop-cap{color:#69727d;border:3px solid;background-color:transparent}.elementor-widget-text-editor:not(.elementor-drop-cap-view-default) .elementor-drop-cap{margin-top:8px}.elementor-widget-text-editor:not(.elementor-drop-cap-view-default) .elementor-drop-cap-letter{width:1em;height:1em}.elementor-widget-text-editor .elementor-drop-cap{float:left;text-align:center;line-height:1;font-size:50px}.elementor-widget-text-editor .elementor-drop-cap-letter{display:inline-block}<\/style>\t\t\t\t<p>L&#8217;innovation par la conception bio-inspiree. L&#8217;id\u00e9e de ce projet est de s&#8217;inspirer des endosquelettes et de la structure des os pour venir l&#8217;appliquer aux pi\u00e8ces m\u00e9caniques dans le but de les all\u00e9ger. De r\u00e9cents travaux de en Conception bio-inspir\u00e9e ont mis en place une m\u00e9thode de bio-inspiration de la structure de l&#8217;os pour l&#8217;appliquer aux pi\u00e8ces m\u00e9caniques. Leurs travaux ont d\u00e9montr\u00e9 dans le cas de la flexion trois points que la structure bio-inspir\u00e9e donnait de meilleurs r\u00e9sultats que la m\u00e9thode d&#8217;optimisation topologique classique couramment utilis\u00e9e en m\u00e9canique. Exemple de travaux de collaboration avec l&#8217;\u00e9quipe de l&#8217;universit\u00e9 Aix-Marseille sous la direction du Pr Jean Marc Linares.<\/p>\t\t\t\t\t\t<\/div>\n\t\t\t\t<\/div>\n\t\t\t\t<\/div>\n\t\t<div class=\"elementor-element elementor-element-763aaf4 e-con-full e-flex wpr-particle-no wpr-jarallax-no wpr-parallax-no wpr-sticky-section-no e-con e-child\" data-id=\"763aaf4\" data-element_type=\"container\">\n\t\t\t\t<div class=\"elementor-element elementor-element-71f1fef elementor-widget elementor-widget-image\" data-id=\"71f1fef\" data-element_type=\"widget\" data-widget_type=\"image.default\">\n\t\t\t\t<div class=\"elementor-widget-container\">\n\t\t\t<style>\/*! elementor - v3.22.0 - 24-06-2024 *\/\n.elementor-widget-image{text-align:center}.elementor-widget-image a{display:inline-block}.elementor-widget-image a img[src$=\".svg\"]{width:48px}.elementor-widget-image img{vertical-align:middle;display:inline-block}<\/style>\t\t\t\t\t\t\t\t\t\t<img fetchpriority=\"high\" decoding=\"async\" width=\"680\" height=\"510\" src=\"https:\/\/crm-constantine.dz\/en\/wp-content\/uploads\/sites\/11\/2024\/02\/conception-bio-inspiree.webp\" class=\"attachment-large size-large wp-image-6830\" alt=\"conception bio inspir\u00e9e\" \/>\t\t\t\t\t\t\t\t\t\t\t\t\t<\/div>\n\t\t\t\t<\/div>\n\t\t\t\t<\/div>\n\t\t\t\t\t<\/div>\n\t\t\t\t<\/div>\n\t\t\t\t<\/div>\n\t\t","protected":false},"excerpt":{"rendered":"<p>L&#8217;innovation par la conception bio-inspiree. L&#8217;id\u00e9e de ce projet est de s&#8217;inspirer des endosquelettes et de la structure des os pour venir l&#8217;appliquer aux pi\u00e8ces m\u00e9caniques dans le but de les all\u00e9ger. De r\u00e9cents travaux de en Conception bio-inspir\u00e9e ont mis en place une m\u00e9thode de bio-inspiration de la structure de l&#8217;os pour l&#8217;appliquer aux pi\u00e8ces m\u00e9caniques. Leurs travaux ont d\u00e9montr\u00e9 dans le cas de la flexion trois points que la structure bio-inspir\u00e9e donnait de meilleurs r\u00e9sultats que la m\u00e9thode d&#8217;optimisation topologique classique couramment utilis\u00e9e en m\u00e9canique. Exemple de travaux de collaboration avec l&#8217;\u00e9quipe de l&#8217;universit\u00e9 Aix-Marseille sous la direction du Pr Jean Marc Linares.<\/p>\n","protected":false},"author":1,"featured_media":6830,"parent":0,"menu_order":0,"comment_status":"closed","ping_status":"closed","template":"","meta":{"_seopress_robots_primary_cat":"","_seopress_titles_title":"","_seopress_titles_desc":"","_seopress_robots_index":"","ngg_post_thumbnail":0,"footnotes":""},"categories":[144],"tags":[],"rttpg_featured_image_url":{"full":["https:\/\/crm-constantine.dz\/en\/wp-content\/uploads\/sites\/11\/2024\/02\/conception-bio-inspiree.webp",680,510,false],"landscape":["https:\/\/crm-constantine.dz\/en\/wp-content\/uploads\/sites\/11\/2024\/02\/conception-bio-inspiree.webp",680,510,false],"portraits":["https:\/\/crm-constantine.dz\/en\/wp-content\/uploads\/sites\/11\/2024\/02\/conception-bio-inspiree.webp",680,510,false],"thumbnail":["https:\/\/crm-constantine.dz\/en\/wp-content\/uploads\/sites\/11\/2024\/02\/conception-bio-inspiree-150x150.webp",150,150,true],"medium":["https:\/\/crm-constantine.dz\/en\/wp-content\/uploads\/sites\/11\/2024\/02\/conception-bio-inspiree-300x225.webp",300,225,true],"large":["https:\/\/crm-constantine.dz\/en\/wp-content\/uploads\/sites\/11\/2024\/02\/conception-bio-inspiree.webp",680,510,false],"ts_team_thumb":["https:\/\/crm-constantine.dz\/en\/wp-content\/uploads\/sites\/11\/2024\/02\/conception-bio-inspiree-330x390.webp",330,390,true],"ts_testimonial_thumb":["https:\/\/crm-constantine.dz\/en\/wp-content\/uploads\/sites\/11\/2024\/02\/conception-bio-inspiree-180x180.webp",180,180,true],"ts_logo_thumb":["https:\/\/crm-constantine.dz\/en\/wp-content\/uploads\/sites\/11\/2024\/02\/conception-bio-inspiree-208x110.webp",208,110,true],"1536x1536":["https:\/\/crm-constantine.dz\/en\/wp-content\/uploads\/sites\/11\/2024\/02\/conception-bio-inspiree.webp",680,510,false],"2048x2048":["https:\/\/crm-constantine.dz\/en\/wp-content\/uploads\/sites\/11\/2024\/02\/conception-bio-inspiree.webp",680,510,false],"yith-woocompare-image":["https:\/\/crm-constantine.dz\/en\/wp-content\/uploads\/sites\/11\/2024\/02\/conception-bio-inspiree-450x510.webp",450,510,true],"woocommerce_thumbnail":["https:\/\/crm-constantine.dz\/en\/wp-content\/uploads\/sites\/11\/2024\/02\/conception-bio-inspiree-450x510.webp",450,510,true],"woocommerce_single":["https:\/\/crm-constantine.dz\/en\/wp-content\/uploads\/sites\/11\/2024\/02\/conception-bio-inspiree.webp",680,510,false],"woocommerce_gallery_thumbnail":["https:\/\/crm-constantine.dz\/en\/wp-content\/uploads\/sites\/11\/2024\/02\/conception-bio-inspiree-100x100.webp",100,100,true],"nooni_menu_icon_thumb":["https:\/\/crm-constantine.dz\/en\/wp-content\/uploads\/sites\/11\/2024\/02\/conception-bio-inspiree-54x54.webp",54,54,true],"nooni_blog_thumb":["https:\/\/crm-constantine.dz\/en\/wp-content\/uploads\/sites\/11\/2024\/02\/conception-bio-inspiree.webp",680,510,false],"nooni_product_cat":["https:\/\/crm-constantine.dz\/en\/wp-content\/uploads\/sites\/11\/2024\/02\/conception-bio-inspiree-310x310.webp",310,310,true],"nooni_product_cat_icon":["https:\/\/crm-constantine.dz\/en\/wp-content\/uploads\/sites\/11\/2024\/02\/conception-bio-inspiree-80x80.webp",80,80,true]},"rttpg_author":{"display_name":"hassane","author_link":"https:\/\/crm-constantine.dz\/en\/blog\/author\/hassane\/"},"rttpg_comment":0,"rttpg_category":" <a href=\"https:\/\/crm-constantine.dz\/en\/blog\/category\/research-projects\/\" rel=\"tag\">Research projects<\/a>","rttpg_excerpt":"L&#8217;innovation par la conception bio-inspiree. L&#8217;id\u00e9e de ce projet est de s&#8217;inspirer des endosquelettes et de la structure des os pour venir l&#8217;appliquer aux pi\u00e8ces m\u00e9caniques dans le but de les all\u00e9ger. De r\u00e9cents travaux de en Conception bio-inspir\u00e9e ont mis en place une m\u00e9thode de bio-inspiration de la structure de l&#8217;os pour l&#8217;appliquer aux&hellip;","_links":{"self":[{"href":"https:\/\/crm-constantine.dz\/en\/wp-json\/wp\/v2\/pages\/6826"}],"collection":[{"href":"https:\/\/crm-constantine.dz\/en\/wp-json\/wp\/v2\/pages"}],"about":[{"href":"https:\/\/crm-constantine.dz\/en\/wp-json\/wp\/v2\/types\/page"}],"author":[{"embeddable":true,"href":"https:\/\/crm-constantine.dz\/en\/wp-json\/wp\/v2\/users\/1"}],"replies":[{"embeddable":true,"href":"https:\/\/crm-constantine.dz\/en\/wp-json\/wp\/v2\/comments?post=6826"}],"version-history":[{"count":22,"href":"https:\/\/crm-constantine.dz\/en\/wp-json\/wp\/v2\/pages\/6826\/revisions"}],"predecessor-version":[{"id":6851,"href":"https:\/\/crm-constantine.dz\/en\/wp-json\/wp\/v2\/pages\/6826\/revisions\/6851"}],"wp:featuredmedia":[{"embeddable":true,"href":"https:\/\/crm-constantine.dz\/en\/wp-json\/wp\/v2\/media\/6830"}],"wp:attachment":[{"href":"https:\/\/crm-constantine.dz\/en\/wp-json\/wp\/v2\/media?parent=6826"}],"wp:term":[{"taxonomy":"category","embeddable":true,"href":"https:\/\/crm-constantine.dz\/en\/wp-json\/wp\/v2\/categories?post=6826"},{"taxonomy":"post_tag","embeddable":true,"href":"https:\/\/crm-constantine.dz\/en\/wp-json\/wp\/v2\/tags?post=6826"}],"curies":[{"name":"wp","href":"https:\/\/api.w.org\/{rel}","templated":true}]}}