{"id":7444,"date":"2024-03-05T08:12:31","date_gmt":"2024-03-05T08:12:31","guid":{"rendered":"https:\/\/crm-constantine.dz\/ar\/?post_type=product&#038;p=7444"},"modified":"2024-03-05T08:12:31","modified_gmt":"2024-03-05T08:12:31","slug":"rectifieuse-cylindrique","status":"publish","type":"product","link":"https:\/\/crm-constantine.dz\/ar\/product\/rectifieuse-cylindrique\/","title":{"rendered":"Rectifieuse cylindrique"},"content":{"rendered":"<p>\u2022 Qualit\u00e9 d\u2019usinage sup\u00e9rieure et haute flexibilit\u00e9 pour r\u00e9alisation de production en petits lots.<\/p>\n<p>\u2022 Ces solides b\u00e2tis de machines \u00e9prouv\u00e9s avec guides en V et cadres de support mobiles assurent un niveau de vibrations r\u00e9duit pour des r\u00e9sultats de travail optimum.<\/p>\n<p>\u2022 Les axes \u00e0 servomoteur se d\u00e9placent au moyen de vis \u00e0 billes pr\u00e9cises.<\/p>\n<p>\u2022 La table et la broche porte-meule peuvent \u00eatre d\u00e9plac\u00e9es \u00e0 l&#8217;aide de manivelles \u00e9lectroniques.<\/p>\n<p>\u2022 Les roulements hydrodynamiques de haute pr\u00e9cision de la broche porte-meule assurent des r\u00e9sultats de rectification optimum.<\/p>\n<p>\u2022 Commande adapt\u00e9e aux cycles de rectification de la marque Fagor Commande : Fagor 8055i FL-TCO Innovante, intuitive et individuelle.<\/p>\n<p>\u2022 Cycles standard inclus, ainsi qu&#8217;une interface de cycles OEM Knuth, adapt\u00e9e \u00e0 chaque configuration de machine existante ; la plage de performances maximale peut ainsi \u00eatre assur\u00e9e gr\u00e2ce \u00e0 des proc\u00e9d\u00e9s optimis\u00e9s.<\/p>\n<p>\u2022 Programmation possible de la pi\u00e8ce \u00e0 l&#8217;aide de cycles, mais aussi par codes G (DIN ISO) ou combinaison des deux proc\u00e9d\u00e9s.<\/p>\n<p>\u2022 Possibilit\u00e9 de dressage manuel de la meule avant ou pendant le programme complet d&#8217;usinage (compensation incluse).<\/p>\n<p>\u2022 Possibilit\u00e9 de s\u00e9lectionner le dressage automatique de la meule au cours du cycle avant l&#8217;usinage de finition (compensation incluse).<\/p>\n<p>\u2022 Rectification pendulaire, comme sur une machine conventionnelle, avec manivelles \u00e9lectroniques.<\/p>\n<p>\u2022 Port USB frontal sur la commande, RS 232 + Ethernet (option) comme interface de donn\u00e9es possible (logiciel de transfert de donn\u00e9es inclus).<\/p>\n<p>\u2022 Exemples de cycle : rectification en plong\u00e9e, rectification en plong\u00e9e avec usinage pendulaire, rectification en longueur.<\/p>\n<p><strong>\u00c9quipement standard :<\/strong><\/p>\n<p>\u2022 Commande Fagor 8055i FL-TCO,<\/p>\n<p>\u2022 Dispositif de rectification int\u00e9rieure,<\/p>\n<p>\u2022 Dresse-meule, mandrin 3 mors,<\/p>\n<p>\u2022 Lunette fixe, lunette mobile,<\/p>\n<p>\u2022 Dispositif d&#8217;\u00e9quilibrage de meule,<\/p>\n<p>\u2022 Mandrin d&#8217;\u00e9quilibrage,<\/p>\n<p>\u2022 Pointe de centrage CM 4,<\/p>\n<p>\u2022 Meule \u00e0 d\u00e9grossir, meule fine, meule int\u00e9rieure,<\/p>\n<p>\u2022 Vis de fondations,<\/p>\n<p>\u2022 Dispositif de refroidissement avec s\u00e9parateur magn\u00e9tique,<\/p>\n<p>\u2022 Graissage centralis\u00e9 automatique,<\/p>\n<p>\u2022 Pieds d\u2019alignement, lampe de travail,<\/p>\n<p>\u2022 Outillage de service,<\/p>\n<p>\u2022 Manuel d&#8217;utilisation et de programmation<\/p>\n","protected":false},"excerpt":{"rendered":"<p>\u2022 Qualit\u00e9 d\u2019usinage sup\u00e9rieure et haute flexibilit\u00e9 pour r\u00e9alisation de production en petits lots. \u2022 Ces solides b\u00e2tis de machines \u00e9prouv\u00e9s avec guides en V et cadres de support mobiles assurent un niveau de vibrations r\u00e9duit pour des r\u00e9sultats de travail optimum. \u2022 Les axes \u00e0 servomoteur se d\u00e9placent au moyen de vis \u00e0 billes pr\u00e9cises. \u2022 La table et la broche porte-meule peuvent \u00eatre d\u00e9plac\u00e9es \u00e0 l&#8217;aide de manivelles \u00e9lectroniques. \u2022 Les roulements hydrodynamiques de haute pr\u00e9cision de la broche porte-meule assurent des r\u00e9sultats de rectification optimum. \u2022 Commande adapt\u00e9e aux cycles de rectification de la marque Fagor Commande : Fagor 8055i FL-TCO Innovante, intuitive et individuelle. \u2022 Cycles standard inclus, ainsi qu&#8217;une interface de cycles OEM Knuth, adapt\u00e9e \u00e0 chaque configuration de machine existante ; la plage de performances maximale peut ainsi \u00eatre assur\u00e9e gr\u00e2ce \u00e0 des proc\u00e9d\u00e9s optimis\u00e9s. \u2022 Programmation possible de la pi\u00e8ce \u00e0 l&#8217;aide de cycles, mais aussi par codes G (DIN ISO) ou combinaison des deux proc\u00e9d\u00e9s. \u2022 Possibilit\u00e9 de dressage manuel de la meule avant ou pendant le programme complet d&#8217;usinage (compensation incluse). \u2022 Possibilit\u00e9 de s\u00e9lectionner le dressage automatique de la meule au cours du cycle avant l&#8217;usinage de finition (compensation incluse). \u2022 Rectification pendulaire, comme sur une machine conventionnelle, avec manivelles \u00e9lectroniques. \u2022 Port USB frontal sur la commande, RS 232 + Ethernet (option) comme interface de donn\u00e9es possible (logiciel de transfert de donn\u00e9es inclus). \u2022 Exemples de cycle : rectification en plong\u00e9e, rectification en plong\u00e9e avec usinage pendulaire, rectification en longueur. \u00c9quipement standard : \u2022 Commande Fagor 8055i FL-TCO, \u2022 Dispositif de rectification int\u00e9rieure, \u2022 Dresse-meule, mandrin 3 mors, \u2022 Lunette fixe, lunette mobile, \u2022 Dispositif d&#8217;\u00e9quilibrage de meule, \u2022 Mandrin d&#8217;\u00e9quilibrage, \u2022 Pointe de centrage CM 4, \u2022 Meule \u00e0 d\u00e9grossir, meule fine, meule int\u00e9rieure, \u2022 Vis de fondations, \u2022 Dispositif de refroidissement avec s\u00e9parateur magn\u00e9tique, \u2022 Graissage centralis\u00e9 automatique, \u2022 Pieds d\u2019alignement, lampe de travail, \u2022 Outillage de service, \u2022 Manuel d&#8217;utilisation et de programmation<\/p>\n","protected":false},"featured_media":7447,"template":"","meta":{"_seopress_robots_primary_cat":"","_seopress_titles_title":"","_seopress_titles_desc":"","_seopress_robots_index":"","ngg_post_thumbnail":0},"product_cat":[151],"product_tag":[],"_links":{"self":[{"href":"https:\/\/crm-constantine.dz\/ar\/wp-json\/wp\/v2\/product\/7444"}],"collection":[{"href":"https:\/\/crm-constantine.dz\/ar\/wp-json\/wp\/v2\/product"}],"about":[{"href":"https:\/\/crm-constantine.dz\/ar\/wp-json\/wp\/v2\/types\/product"}],"wp:featuredmedia":[{"embeddable":true,"href":"https:\/\/crm-constantine.dz\/ar\/wp-json\/wp\/v2\/media\/7447"}],"wp:attachment":[{"href":"https:\/\/crm-constantine.dz\/ar\/wp-json\/wp\/v2\/media?parent=7444"}],"wp:term":[{"taxonomy":"product_cat","embeddable":true,"href":"https:\/\/crm-constantine.dz\/ar\/wp-json\/wp\/v2\/product_cat?post=7444"},{"taxonomy":"product_tag","embeddable":true,"href":"https:\/\/crm-constantine.dz\/ar\/wp-json\/wp\/v2\/product_tag?post=7444"}],"curies":[{"name":"wp","href":"https:\/\/api.w.org\/{rel}","templated":true}]}}