{"id":7440,"date":"2024-03-05T08:09:31","date_gmt":"2024-03-05T08:09:31","guid":{"rendered":"https:\/\/crm-constantine.dz\/ar\/?post_type=product&#038;p=7440"},"modified":"2024-03-05T08:09:31","modified_gmt":"2024-03-05T08:09:31","slug":"rectifieuse-universelle","status":"publish","type":"product","link":"https:\/\/crm-constantine.dz\/ar\/product\/rectifieuse-universelle\/","title":{"rendered":"Rectifieuse universelle"},"content":{"rendered":"<p>\u2022 La table de travail large et stable se d\u00e9place seulement sur un axe &#8211; cette construction permet un guidage particuli\u00e8rement long de la table sur une base de machine tr\u00e8s large et ainsi une absorption parfaite de la charge aux deux positions finales de la course.<\/p>\n<p>\u2022 Les guidages plats et en V pr\u00e9sentent un rev\u00eatement en Turcite B garantissant un d\u00e9placement de la table l\u00e9ger et sans \u00e0-coups, ind\u00e9pendamment de la charge de la table.<\/p>\n<p>\u2022 La colonne se d\u00e9place dans l&#8217;axe Z \u00e9galement sur des guidages plats et en V racl\u00e9s \u00e0 la main et pourvus d&#8217;un rev\u00eatement, ici aussi l&#8217;effet de broutage est \u00e9vit\u00e9 efficacement.<\/p>\n<p>\u2022 L&#8217;unit\u00e9 de la broche se d\u00e9place uniquement en direction verticale et cette construction garantit que la meule avance sur toute la zone de travail de mani\u00e8re absolument pr\u00e9cise et avec une pr\u00e9cision d&#8217;angle.<\/p>\n<p>\u2022 Commande hydraulique du mouvement longitudinal de la table, r\u00e9glable en continu, tr\u00e8s constant et avec changement de direction en souplesse.<\/p>\n<p>\u2022 L&#8217;unit\u00e9 hydraulique s\u00e9par\u00e9e fait l&#8217;objet d&#8217;une maintenance ais\u00e9e, est d\u00e9coupl\u00e9e m\u00e9caniquement et thermiquement du b\u00e2ti principal de la machine pour des conditions de travail les plus constantes possibles.<\/p>\n<p>\u2022 Broche largement dimensionn\u00e9e, \u00e9quilibr\u00e9e dynamiquement, enti\u00e8rement \u00e9tanche et avec lubrification \u00e0 vie.<\/p>\n<p>\u2022 Les broches sont con\u00e7ues avec le plus grand soin par des techniciens exp\u00e9riment\u00e9s dans des salles blanches temp\u00e9r\u00e9es en permanence avec des paliers de pr\u00e9cision s\u00e9lectionn\u00e9s.<\/p>\n<p>\u2022 Le graissage centralis\u00e9 automatique alimente tous les guidages et vis \u00e0 billes avec la quantit\u00e9 d&#8217;huile correcte d\u00e8s que la machine est mise en marche.<\/p>\n<p>\u2022 En option, tous les mod\u00e8les sont \u00e9quip\u00e9s d&#8217;un dresseur diamant m\u00e9canique, pouvant \u00eatre utilis\u00e9 ind\u00e9pendamment de la hauteur de rectification et de la position de la colonne, et ce, pour minimiser les temps morts inutiles.<\/p>\n<p>Mod\u00e8le Advance:<\/p>\n<p>\u2022 Les mod\u00e8les Advance disposent d&#8217;une commande PLC \u00e9lectronique permettant ainsi de programmer sur l&#8217;\u00e9cran tactile des cycles simples.<\/p>\n<p>\u2022 Pour l&#8217;\u00e9quipement et le d\u00e9placement manuel des axes, les mod\u00e8les Advance sont \u00e9quip\u00e9s d&#8217;une manivelle \u00e9lectronique.<\/p>\n<p>\u2022 Le mode automatique effectue d&#8217;abord les avances d\u00e9finies par l&#8217;op\u00e9rateur, le nombre de course de d\u00e9grossissage et le retour au point initial puis le r\u00e9frig\u00e9rant, la broche et l&#8217;avance sont stopp\u00e9s.<\/p>\n","protected":false},"excerpt":{"rendered":"<p>\u2022 La table de travail large et stable se d\u00e9place seulement sur un axe &#8211; cette construction permet un guidage particuli\u00e8rement long de la table sur une base de machine tr\u00e8s large et ainsi une absorption parfaite de la charge aux deux positions finales de la course. \u2022 Les guidages plats et en V pr\u00e9sentent un rev\u00eatement en Turcite B garantissant un d\u00e9placement de la table l\u00e9ger et sans \u00e0-coups, ind\u00e9pendamment de la charge de la table. \u2022 La colonne se d\u00e9place dans l&#8217;axe Z \u00e9galement sur des guidages plats et en V racl\u00e9s \u00e0 la main et pourvus d&#8217;un rev\u00eatement, ici aussi l&#8217;effet de broutage est \u00e9vit\u00e9 efficacement. \u2022 L&#8217;unit\u00e9 de la broche se d\u00e9place uniquement en direction verticale et cette construction garantit que la meule avance sur toute la zone de travail de mani\u00e8re absolument pr\u00e9cise et avec une pr\u00e9cision d&#8217;angle. \u2022 Commande hydraulique du mouvement longitudinal de la table, r\u00e9glable en continu, tr\u00e8s constant et avec changement de direction en souplesse. \u2022 L&#8217;unit\u00e9 hydraulique s\u00e9par\u00e9e fait l&#8217;objet d&#8217;une maintenance ais\u00e9e, est d\u00e9coupl\u00e9e m\u00e9caniquement et thermiquement du b\u00e2ti principal de la machine pour des conditions de travail les plus constantes possibles. \u2022 Broche largement dimensionn\u00e9e, \u00e9quilibr\u00e9e dynamiquement, enti\u00e8rement \u00e9tanche et avec lubrification \u00e0 vie. \u2022 Les broches sont con\u00e7ues avec le plus grand soin par des techniciens exp\u00e9riment\u00e9s dans des salles blanches temp\u00e9r\u00e9es en permanence avec des paliers de pr\u00e9cision s\u00e9lectionn\u00e9s. \u2022 Le graissage centralis\u00e9 automatique alimente tous les guidages et vis \u00e0 billes avec la quantit\u00e9 d&#8217;huile correcte d\u00e8s que la machine est mise en marche. \u2022 En option, tous les mod\u00e8les sont \u00e9quip\u00e9s d&#8217;un dresseur diamant m\u00e9canique, pouvant \u00eatre utilis\u00e9 ind\u00e9pendamment de la hauteur de rectification et de la position de la colonne, et ce, pour minimiser les temps morts inutiles. Mod\u00e8le Advance: \u2022 Les mod\u00e8les Advance disposent d&#8217;une commande PLC \u00e9lectronique permettant ainsi de programmer sur l&#8217;\u00e9cran tactile des cycles simples. \u2022 Pour l&#8217;\u00e9quipement et le d\u00e9placement manuel des axes, les mod\u00e8les Advance sont \u00e9quip\u00e9s d&#8217;une manivelle \u00e9lectronique. \u2022 Le mode automatique effectue d&#8217;abord les avances d\u00e9finies par l&#8217;op\u00e9rateur, le nombre de course de d\u00e9grossissage et le retour au point initial puis le r\u00e9frig\u00e9rant, la broche et l&#8217;avance sont stopp\u00e9s.<\/p>\n","protected":false},"featured_media":7443,"template":"","meta":{"_seopress_robots_primary_cat":"","_seopress_titles_title":"","_seopress_titles_desc":"","_seopress_robots_index":"","ngg_post_thumbnail":0},"product_cat":[151],"product_tag":[],"_links":{"self":[{"href":"https:\/\/crm-constantine.dz\/ar\/wp-json\/wp\/v2\/product\/7440"}],"collection":[{"href":"https:\/\/crm-constantine.dz\/ar\/wp-json\/wp\/v2\/product"}],"about":[{"href":"https:\/\/crm-constantine.dz\/ar\/wp-json\/wp\/v2\/types\/product"}],"wp:featuredmedia":[{"embeddable":true,"href":"https:\/\/crm-constantine.dz\/ar\/wp-json\/wp\/v2\/media\/7443"}],"wp:attachment":[{"href":"https:\/\/crm-constantine.dz\/ar\/wp-json\/wp\/v2\/media?parent=7440"}],"wp:term":[{"taxonomy":"product_cat","embeddable":true,"href":"https:\/\/crm-constantine.dz\/ar\/wp-json\/wp\/v2\/product_cat?post=7440"},{"taxonomy":"product_tag","embeddable":true,"href":"https:\/\/crm-constantine.dz\/ar\/wp-json\/wp\/v2\/product_tag?post=7440"}],"curies":[{"name":"wp","href":"https:\/\/api.w.org\/{rel}","templated":true}]}}