{"id":7434,"date":"2024-03-05T08:06:13","date_gmt":"2024-03-05T08:06:13","guid":{"rendered":"https:\/\/crm-constantine.dz\/ar\/?post_type=product&#038;p=7434"},"modified":"2024-03-05T08:06:13","modified_gmt":"2024-03-05T08:06:13","slug":"fraiseuse-universelle","status":"publish","type":"product","link":"https:\/\/crm-constantine.dz\/ar\/product\/fraiseuse-universelle\/","title":{"rendered":"Fraiseuse universelle"},"content":{"rendered":"<p>Fraisage conventionnel plus facile, plus pr\u00e9cis et plus efficace, gr\u00e2ce \u00e0 l&#8217;\u00e9lectronique int\u00e9gr\u00e9e<\/p>\n<p>\u2022 Les machines Servomill repr\u00e9sentent une nouvelle g\u00e9n\u00e9ration de fraiseuses command\u00e9es conventionnellement<\/p>\n<p>\u2022 Elles se caract\u00e9risent par leur facilit\u00e9 d&#8217;utilisation, par une pr\u00e9cision nettement accrue et des capacit\u00e9s d&#8217;usinage accrues<\/p>\n<p>\u2022 La grande fiabilit\u00e9 de tous les composants utilis\u00e9s et leur dur\u00e9e de vie r\u00e9duisent consid\u00e9rablement les frais de maintenance et assurent ainsi une disponibilit\u00e9 sup\u00e9rieure<\/p>\n<p>\u2022 Construction stable et rigide avec guidage en queue d&#8217;aronde sur l&#8217;axe X, larges guidages carr\u00e9s dans les directions Y et Z<\/p>\n<p>\u2022 Grande table de travail et grandes courses sur tous les axes<\/p>\n<p>\u2022 Tous les guidages sont tremp\u00e9s et rectifi\u00e9s et sont aliment\u00e9s en huile par le graissage centralis\u00e9<\/p>\n<p>\u2022 T\u00eate pivotante universelle pouvant \u00eatre bascul\u00e9e en position horizontale en quelques gestes<\/p>\n<p>\u2022 Vitesses d&#8217;avance et vitesses rapides r\u00e9glables en continu, synchronis\u00e9es avec la vitesse de rotation de la broche par un simple bouton<\/p>\n<p>\u2022 vis \u00e0 billes &#8211; sans jeu pour un d\u00e9placement souple et pr\u00e9cis<\/p>\n<p>\u2022 Transmission robuste, avec pignons tremp\u00e9s et rectifi\u00e9s<\/p>\n<p>Servomill &#8211; Points forts<\/p>\n<p>\u2022 Commande con\u00e7ue et fabriqu\u00e9e en Allemagne<\/p>\n<p>\u2022 commande de positionnement pour le parcours de courses pr\u00e9s\u00e9lectionn\u00e9es sur tous les axes<\/p>\n<p>\u2022 vis \u00e0 billes pr\u00e9contraintes sans jeu<\/p>\n<p>\u2022 servomoteurs sur tous les axes, avance, marche rapide et vitesse r\u00e9glables en continu<\/p>\n<p>\u2022 afficheur \u00e9lectronique de la charge de la broche<\/p>\n<p>\u2022 manettes \u00e9lectroniques sur tous les axes<\/p>\n<p>\u2022 Les axes X, Y et Z peuvent \u00eatre d\u00e9plac\u00e9s au moyen d&#8217;un joystick<\/p>\n<p>\u2022 afficheur de position int\u00e9gr\u00e9 avec r\u00e8gles en verre<\/p>\n","protected":false},"excerpt":{"rendered":"<p>Fraisage conventionnel plus facile, plus pr\u00e9cis et plus efficace, gr\u00e2ce \u00e0 l&#8217;\u00e9lectronique int\u00e9gr\u00e9e \u2022 Les machines Servomill repr\u00e9sentent une nouvelle g\u00e9n\u00e9ration de fraiseuses command\u00e9es conventionnellement \u2022 Elles se caract\u00e9risent par leur facilit\u00e9 d&#8217;utilisation, par une pr\u00e9cision nettement accrue et des capacit\u00e9s d&#8217;usinage accrues \u2022 La grande fiabilit\u00e9 de tous les composants utilis\u00e9s et leur dur\u00e9e de vie r\u00e9duisent consid\u00e9rablement les frais de maintenance et assurent ainsi une disponibilit\u00e9 sup\u00e9rieure \u2022 Construction stable et rigide avec guidage en queue d&#8217;aronde sur l&#8217;axe X, larges guidages carr\u00e9s dans les directions Y et Z \u2022 Grande table de travail et grandes courses sur tous les axes \u2022 Tous les guidages sont tremp\u00e9s et rectifi\u00e9s et sont aliment\u00e9s en huile par le graissage centralis\u00e9 \u2022 T\u00eate pivotante universelle pouvant \u00eatre bascul\u00e9e en position horizontale en quelques gestes \u2022 Vitesses d&#8217;avance et vitesses rapides r\u00e9glables en continu, synchronis\u00e9es avec la vitesse de rotation de la broche par un simple bouton \u2022 vis \u00e0 billes &#8211; sans jeu pour un d\u00e9placement souple et pr\u00e9cis \u2022 Transmission robuste, avec pignons tremp\u00e9s et rectifi\u00e9s Servomill &#8211; Points forts \u2022 Commande con\u00e7ue et fabriqu\u00e9e en Allemagne \u2022 commande de positionnement pour le parcours de courses pr\u00e9s\u00e9lectionn\u00e9es sur tous les axes \u2022 vis \u00e0 billes pr\u00e9contraintes sans jeu \u2022 servomoteurs sur tous les axes, avance, marche rapide et vitesse r\u00e9glables en continu \u2022 afficheur \u00e9lectronique de la charge de la broche \u2022 manettes \u00e9lectroniques sur tous les axes \u2022 Les axes X, Y et Z peuvent \u00eatre d\u00e9plac\u00e9s au moyen d&#8217;un joystick \u2022 afficheur de position int\u00e9gr\u00e9 avec r\u00e8gles en verre<\/p>\n","protected":false},"featured_media":7437,"template":"","meta":{"_seopress_robots_primary_cat":"","_seopress_titles_title":"","_seopress_titles_desc":"","_seopress_robots_index":"","ngg_post_thumbnail":0},"product_cat":[151],"product_tag":[],"_links":{"self":[{"href":"https:\/\/crm-constantine.dz\/ar\/wp-json\/wp\/v2\/product\/7434"}],"collection":[{"href":"https:\/\/crm-constantine.dz\/ar\/wp-json\/wp\/v2\/product"}],"about":[{"href":"https:\/\/crm-constantine.dz\/ar\/wp-json\/wp\/v2\/types\/product"}],"wp:featuredmedia":[{"embeddable":true,"href":"https:\/\/crm-constantine.dz\/ar\/wp-json\/wp\/v2\/media\/7437"}],"wp:attachment":[{"href":"https:\/\/crm-constantine.dz\/ar\/wp-json\/wp\/v2\/media?parent=7434"}],"wp:term":[{"taxonomy":"product_cat","embeddable":true,"href":"https:\/\/crm-constantine.dz\/ar\/wp-json\/wp\/v2\/product_cat?post=7434"},{"taxonomy":"product_tag","embeddable":true,"href":"https:\/\/crm-constantine.dz\/ar\/wp-json\/wp\/v2\/product_tag?post=7434"}],"curies":[{"name":"wp","href":"https:\/\/api.w.org\/{rel}","templated":true}]}}