{"id":7418,"date":"2024-03-04T10:15:39","date_gmt":"2024-03-04T10:15:39","guid":{"rendered":"https:\/\/crm-constantine.dz\/ar\/?post_type=product&#038;p=7418"},"modified":"2024-03-04T10:15:39","modified_gmt":"2024-03-04T10:15:39","slug":"tour-cnc-5-axes","status":"publish","type":"product","link":"https:\/\/crm-constantine.dz\/ar\/product\/tour-cnc-5-axes\/","title":{"rendered":"Tour CNC 5 axes"},"content":{"rendered":"<p>Descriptif technique CTX beta 2000 TC<\/p>\n<p>Banc machine:<\/p>\n<p>Le banc inclin\u00e9 \u00e0 quatre glissi\u00e8res en b\u00e9ton polym\u00e8re de haute qualit\u00e9 avec guidages lin\u00e9aires \u00e0 patins \u00e0 rouleaux viss\u00e9s garantissant la chute parfaite des copeaux.<\/p>\n<p>Poup\u00e9e gauche fixe:<\/p>\n<p>La poup\u00e9e est r\u00e9alis\u00e9e par une motobroche int\u00e9gr\u00e9e avec axe C et frein de broche \u00e0 serrage hydraulique. La motobroche, y compris la console moteur sont refroidies par liquide et se distingue par sa dynamique, son couple et sa stabilit\u00e9 en temp\u00e9rature \u00e9lev\u00e9s ainsi que par un faible niveau sonore.<\/p>\n<p>Dispositif de serrage, broche gauche:<\/p>\n<p>Dispositif de serrage creux, diam\u00e8tre 67 mm x 700 mm de profondeur, monopression, avec syst\u00e8me de s\u00e9curit\u00e9 et contr\u00f4le de la course automatique, tube de traction, interrupteur \u00e0 p\u00e9dale, commande \u00e9lectrique et hydraulique, complet et mont\u00e9.<\/p>\n<p>Chariot crois\u00e9 sup\u00e9rieur:<\/p>\n<p>Chariot 4 axes &#8211; X1, Z1, Y1 et B &#8211; dot\u00e9 d&#8217;\u00e9l\u00e9ments de guidages \u00e0 rouleaux lin\u00e9aires pr\u00e9contraints, \u00e0 faible friction, et d&#8217;un axe rotatif B \u00e0 interpolation libre, avec commande Siemens, positionnable avec commande \u00e0 serrage pneumatique, s\u00e9lection par fonction M.<\/p>\n<p>Porte-outil sup\u00e9rieur servant de broche de tournage et de fraisage:<\/p>\n<p>La broche de tournage et de fraisage est r\u00e9alis\u00e9e par une motobroche \u00e0 entra\u00eenement direct et avec refroidissement \u00e0 liquide, compl\u00e9t\u00e9e par un frein hydraulique assurant le blocage crabot\u00e9 pour le tournage. L&#8217;attachement d&#8217;outil est de type HSK 63A selon DIN 69893. Desserrage hydraulique du dispositif de serrage de l&#8217;outil, serrage m\u00e9canique par ressort belleville.<\/p>\n<p>Entra\u00eenement des avances \u00e0 r\u00e9gulation num\u00e9rique:<\/p>\n<p>Entra\u00eenement de l&#8217;avance longitudinale par moteur lin\u00e9aire hautement dynamique, sans usure, transversale et verticale par entra\u00eenements synchrones, \u00e0 vis \u00e0 billes. Moteur torque \u00e0 couple \u00e9lev\u00e9 avec refroidissement par liquide pour l&#8217;axe circulaire (axe B)<\/p>\n<p>Syst\u00e8mes de mesure:<\/p>\n<p>Les axes lin\u00e9aires X, Y et Z sont dot\u00e9s de syst\u00e8mes de mesure absolus directs avec une r\u00e8gle de verre, pressuris\u00e9s. L&#8217;axe B poss\u00e8de un codeur inductif incr\u00e9mental.<\/p>\n","protected":false},"excerpt":{"rendered":"<p>Descriptif technique CTX beta 2000 TC Banc machine: Le banc inclin\u00e9 \u00e0 quatre glissi\u00e8res en b\u00e9ton polym\u00e8re de haute qualit\u00e9 avec guidages lin\u00e9aires \u00e0 patins \u00e0 rouleaux viss\u00e9s garantissant la chute parfaite des copeaux. Poup\u00e9e gauche fixe: La poup\u00e9e est r\u00e9alis\u00e9e par une motobroche int\u00e9gr\u00e9e avec axe C et frein de broche \u00e0 serrage hydraulique. La motobroche, y compris la console moteur sont refroidies par liquide et se distingue par sa dynamique, son couple et sa stabilit\u00e9 en temp\u00e9rature \u00e9lev\u00e9s ainsi que par un faible niveau sonore. Dispositif de serrage, broche gauche: Dispositif de serrage creux, diam\u00e8tre 67 mm x 700 mm de profondeur, monopression, avec syst\u00e8me de s\u00e9curit\u00e9 et contr\u00f4le de la course automatique, tube de traction, interrupteur \u00e0 p\u00e9dale, commande \u00e9lectrique et hydraulique, complet et mont\u00e9. Chariot crois\u00e9 sup\u00e9rieur: Chariot 4 axes &#8211; X1, Z1, Y1 et B &#8211; dot\u00e9 d&#8217;\u00e9l\u00e9ments de guidages \u00e0 rouleaux lin\u00e9aires pr\u00e9contraints, \u00e0 faible friction, et d&#8217;un axe rotatif B \u00e0 interpolation libre, avec commande Siemens, positionnable avec commande \u00e0 serrage pneumatique, s\u00e9lection par fonction M. Porte-outil sup\u00e9rieur servant de broche de tournage et de fraisage: La broche de tournage et de fraisage est r\u00e9alis\u00e9e par une motobroche \u00e0 entra\u00eenement direct et avec refroidissement \u00e0 liquide, compl\u00e9t\u00e9e par un frein hydraulique assurant le blocage crabot\u00e9 pour le tournage. L&#8217;attachement d&#8217;outil est de type HSK 63A selon DIN 69893. Desserrage hydraulique du dispositif de serrage de l&#8217;outil, serrage m\u00e9canique par ressort belleville. Entra\u00eenement des avances \u00e0 r\u00e9gulation num\u00e9rique: Entra\u00eenement de l&#8217;avance longitudinale par moteur lin\u00e9aire hautement dynamique, sans usure, transversale et verticale par entra\u00eenements synchrones, \u00e0 vis \u00e0 billes. Moteur torque \u00e0 couple \u00e9lev\u00e9 avec refroidissement par liquide pour l&#8217;axe circulaire (axe B) Syst\u00e8mes de mesure: Les axes lin\u00e9aires X, Y et Z sont dot\u00e9s de syst\u00e8mes de mesure absolus directs avec une r\u00e8gle de verre, pressuris\u00e9s. L&#8217;axe B poss\u00e8de un codeur inductif incr\u00e9mental.<\/p>\n","protected":false},"featured_media":7421,"template":"","meta":{"_seopress_robots_primary_cat":"","_seopress_titles_title":"","_seopress_titles_desc":"","_seopress_robots_index":"","ngg_post_thumbnail":0},"product_cat":[151],"product_tag":[],"_links":{"self":[{"href":"https:\/\/crm-constantine.dz\/ar\/wp-json\/wp\/v2\/product\/7418"}],"collection":[{"href":"https:\/\/crm-constantine.dz\/ar\/wp-json\/wp\/v2\/product"}],"about":[{"href":"https:\/\/crm-constantine.dz\/ar\/wp-json\/wp\/v2\/types\/product"}],"wp:featuredmedia":[{"embeddable":true,"href":"https:\/\/crm-constantine.dz\/ar\/wp-json\/wp\/v2\/media\/7421"}],"wp:attachment":[{"href":"https:\/\/crm-constantine.dz\/ar\/wp-json\/wp\/v2\/media?parent=7418"}],"wp:term":[{"taxonomy":"product_cat","embeddable":true,"href":"https:\/\/crm-constantine.dz\/ar\/wp-json\/wp\/v2\/product_cat?post=7418"},{"taxonomy":"product_tag","embeddable":true,"href":"https:\/\/crm-constantine.dz\/ar\/wp-json\/wp\/v2\/product_tag?post=7418"}],"curies":[{"name":"wp","href":"https:\/\/api.w.org\/{rel}","templated":true}]}}