{"id":7379,"date":"2024-03-04T09:34:09","date_gmt":"2024-03-04T09:34:09","guid":{"rendered":"https:\/\/crm-constantine.dz\/ar\/?post_type=product&#038;p=7379"},"modified":"2024-03-04T09:34:09","modified_gmt":"2024-03-04T09:34:09","slug":"machine-de-traction-compression-5-kn","status":"publish","type":"product","link":"https:\/\/crm-constantine.dz\/ar\/product\/machine-de-traction-compression-5-kn\/","title":{"rendered":"Machine de traction compression 5 kN"},"content":{"rendered":"<p>-Machine d\u2019essai motoris\u00e9e et automatis\u00e9e<\/p>\n<p>-Essai de traction, compression, flexion et pelage<\/p>\n<p>-Capacit\u00e9 en traction\/compression : 5000 N<\/p>\n<p>-Course : 1000 mm<\/p>\n<p>-Compacte et robuste<\/p>\n<p>-Fonctionnement simple et rapide<\/p>\n<p>-Vitesse r\u00e9glable : 0.001\u20131000 mm\/min<\/p>\n<p>-Vitesse de retour<\/p>\n<p>-Valeur limite r\u00e9glable pour chaque capteur<\/p>\n<p>-Limite de s\u00e9curit\u00e9 en course<\/p>\n<p>-Ecran de haute performance pour le pilotage de la machine<\/p>\n<p>-Unit\u00e9 de mesure de vitesse au choix (pouce\/min &amp; mm\/min)<\/p>\n<p>-Protection par mot de passe des param\u00e8tres<\/p>\n<p>-But\u00e9e<\/p>\n<p>-Arr\u00eat ou changement de mouvement programmable<\/p>\n<p>-Contr\u00f4leur \u00e9lectronique PCS-8000<\/p>\n<p>-T\u00e9l\u00e9commande avec afficheur<\/p>\n<p>-Accessoire pour essai de pelage<\/p>\n<p>-Mordaches de diff\u00e9rents types<\/p>\n<p>-Logiciel de contr\u00f4le d\u2019acquisition et de traitement de donn\u00e9es<\/p>\n<p>-Dimensions et poids : 350x430x1635 mm, 75.5 kg (sans accessoires)<\/p>\n<p>-Alimentation : 220 V<\/p>\n","protected":false},"excerpt":{"rendered":"<p>-Machine d\u2019essai motoris\u00e9e et automatis\u00e9e -Essai de traction, compression, flexion et pelage -Capacit\u00e9 en traction\/compression : 5000 N -Course : 1000 mm -Compacte et robuste -Fonctionnement simple et rapide -Vitesse r\u00e9glable : 0.001\u20131000 mm\/min -Vitesse de retour -Valeur limite r\u00e9glable pour chaque capteur -Limite de s\u00e9curit\u00e9 en course -Ecran de haute performance pour le pilotage de la machine -Unit\u00e9 de mesure de vitesse au choix (pouce\/min &amp; mm\/min) -Protection par mot de passe des param\u00e8tres -But\u00e9e -Arr\u00eat ou changement de mouvement programmable -Contr\u00f4leur \u00e9lectronique PCS-8000 -T\u00e9l\u00e9commande avec afficheur -Accessoire pour essai de pelage -Mordaches de diff\u00e9rents types -Logiciel de contr\u00f4le d\u2019acquisition et de traitement de donn\u00e9es -Dimensions et poids : 350x430x1635 mm, 75.5 kg (sans accessoires) -Alimentation : 220 V<\/p>\n","protected":false},"featured_media":7382,"template":"","meta":{"_seopress_robots_primary_cat":"","_seopress_titles_title":"","_seopress_titles_desc":"","_seopress_robots_index":"","ngg_post_thumbnail":0},"product_cat":[152],"product_tag":[],"_links":{"self":[{"href":"https:\/\/crm-constantine.dz\/ar\/wp-json\/wp\/v2\/product\/7379"}],"collection":[{"href":"https:\/\/crm-constantine.dz\/ar\/wp-json\/wp\/v2\/product"}],"about":[{"href":"https:\/\/crm-constantine.dz\/ar\/wp-json\/wp\/v2\/types\/product"}],"wp:featuredmedia":[{"embeddable":true,"href":"https:\/\/crm-constantine.dz\/ar\/wp-json\/wp\/v2\/media\/7382"}],"wp:attachment":[{"href":"https:\/\/crm-constantine.dz\/ar\/wp-json\/wp\/v2\/media?parent=7379"}],"wp:term":[{"taxonomy":"product_cat","embeddable":true,"href":"https:\/\/crm-constantine.dz\/ar\/wp-json\/wp\/v2\/product_cat?post=7379"},{"taxonomy":"product_tag","embeddable":true,"href":"https:\/\/crm-constantine.dz\/ar\/wp-json\/wp\/v2\/product_tag?post=7379"}],"curies":[{"name":"wp","href":"https:\/\/api.w.org\/{rel}","templated":true}]}}