{"id":7357,"date":"2024-03-03T10:49:49","date_gmt":"2024-03-03T10:49:49","guid":{"rendered":"https:\/\/crm-constantine.dz\/ar\/?post_type=product&#038;p=7357"},"modified":"2024-03-03T10:49:49","modified_gmt":"2024-03-03T10:49:49","slug":"microscope-optique-metallographique","status":"publish","type":"product","link":"https:\/\/crm-constantine.dz\/ar\/product\/microscope-optique-metallographique\/","title":{"rendered":"Microscope Optique m\u00e9tallographique"},"content":{"rendered":"<ul>\n<li>T\u00eate : trinculaire, inclin\u00e9e \u00e0 30 \u00b0 rotative sur 360 \u00b0<\/li>\n<li>R\u00e9glable duiptrique sur l\u2019oculaire gauche. r\u00e9glage de la distance interpupillaire 55-75 mm<\/li>\n<li>Oculaire : grand champ WF 10X\/22<\/li>\n<li>Objectifs plan achromatique LWD MET Corrig\u00e9s \u00e0 l\u2019infini :<\/li>\n<\/ul>\n<ol>\n<li>Plan achromatique Ios 5 X LWD, O.N. 0.15 W.D. 10,8 mm<\/li>\n<li>Plan achromatique Ios 10 X LWD, O.N. 0.3 W.D. 10 mm<\/li>\n<li>Plan achromatique Ios 20 X LWD, O.N. 0.45 W.D. 4 mm<\/li>\n<li>Plan achromatique Ios 50 X LWD, O.N. 0.55 W.D. 7,9 mm<\/li>\n<li>Plan achromatique Ios 100 X LWD, O.N. 0.3 W.D. 10 mm<\/li>\n<\/ol>\n<ul>\n<li>Camera CDD<\/li>\n<li>Eclairage :<\/li>\n<\/ul>\n<p>Lumi\u00e8re transmise et incidente: LED blanche; puissance LED 3.6 W, comparable \u00e0 50 W halog\u00e8ne<\/p>\n<ul>\n<li>Alimentation : 110\/230 V ; 50\/60 Hz<\/li>\n<li>Dimensions : 480 X 245 X 380 mm<\/li>\n<li>Poids : 9 Kg<\/li>\n<\/ul>\n","protected":false},"excerpt":{"rendered":"<p>T\u00eate : trinculaire, inclin\u00e9e \u00e0 30 \u00b0 rotative sur 360 \u00b0 R\u00e9glable duiptrique sur l\u2019oculaire gauche. r\u00e9glage de la distance interpupillaire 55-75 mm Oculaire : grand champ WF 10X\/22 Objectifs plan achromatique LWD MET Corrig\u00e9s \u00e0 l\u2019infini : Plan achromatique Ios 5 X LWD, O.N. 0.15 W.D. 10,8 mm Plan achromatique Ios 10 X LWD, O.N. 0.3 W.D. 10 mm Plan achromatique Ios 20 X LWD, O.N. 0.45 W.D. 4 mm Plan achromatique Ios 50 X LWD, O.N. 0.55 W.D. 7,9 mm Plan achromatique Ios 100 X LWD, O.N. 0.3 W.D. 10 mm Camera CDD Eclairage : Lumi\u00e8re transmise et incidente: LED blanche; puissance LED 3.6 W, comparable \u00e0 50 W halog\u00e8ne Alimentation : 110\/230 V ; 50\/60 Hz Dimensions : 480 X 245 X 380 mm Poids : 9 Kg<\/p>\n","protected":false},"featured_media":7360,"template":"","meta":{"_seopress_robots_primary_cat":"","_seopress_titles_title":"","_seopress_titles_desc":"","_seopress_robots_index":"","ngg_post_thumbnail":0},"product_cat":[150],"product_tag":[],"_links":{"self":[{"href":"https:\/\/crm-constantine.dz\/ar\/wp-json\/wp\/v2\/product\/7357"}],"collection":[{"href":"https:\/\/crm-constantine.dz\/ar\/wp-json\/wp\/v2\/product"}],"about":[{"href":"https:\/\/crm-constantine.dz\/ar\/wp-json\/wp\/v2\/types\/product"}],"wp:featuredmedia":[{"embeddable":true,"href":"https:\/\/crm-constantine.dz\/ar\/wp-json\/wp\/v2\/media\/7360"}],"wp:attachment":[{"href":"https:\/\/crm-constantine.dz\/ar\/wp-json\/wp\/v2\/media?parent=7357"}],"wp:term":[{"taxonomy":"product_cat","embeddable":true,"href":"https:\/\/crm-constantine.dz\/ar\/wp-json\/wp\/v2\/product_cat?post=7357"},{"taxonomy":"product_tag","embeddable":true,"href":"https:\/\/crm-constantine.dz\/ar\/wp-json\/wp\/v2\/product_tag?post=7357"}],"curies":[{"name":"wp","href":"https:\/\/api.w.org\/{rel}","templated":true}]}}