{"id":7352,"date":"2024-03-03T10:44:29","date_gmt":"2024-03-03T10:44:29","guid":{"rendered":"https:\/\/crm-constantine.dz\/ar\/?post_type=product&#038;p=7352"},"modified":"2024-03-03T10:44:29","modified_gmt":"2024-03-03T10:44:29","slug":"loupe-binoculaire","status":"publish","type":"product","link":"https:\/\/crm-constantine.dz\/ar\/product\/loupe-binoculaire\/","title":{"rendered":"Loupe Binoculaire"},"content":{"rendered":"<ul>\n<li>T\u00eate : binoculaire, rotative sur 360 \u00b0 et inclin\u00e9es \u00e0 45 \u00b0<\/li>\n<li>Distante interpupillaire : r\u00e9glable 51-75 mm<\/li>\n<li>Statif \u00e0 clonne, 30 mm de diam\u00e8tre et 25 mm de hauteur<\/li>\n<li>Oculaire : WF 10 X\/20 mm<\/li>\n<li>Objectifs : 0.7 X \u2026 4.5 X zoom<\/li>\n<li>\u00c9clairage : Incident et transmis, halog\u00e8ne 12 V \/15 W<\/li>\n<li>Condenseur fond noir<\/li>\n<li>Platine d\u2019un disque blanc \/ noir<\/li>\n<li>Valet de fixations pour fixer les \u00e9chantillons et disue en verre d\u00e9poli pour \u00e9clairage transmis<\/li>\n<\/ul>\n","protected":false},"excerpt":{"rendered":"<p>T\u00eate : binoculaire, rotative sur 360 \u00b0 et inclin\u00e9es \u00e0 45 \u00b0 Distante interpupillaire : r\u00e9glable 51-75 mm Statif \u00e0 clonne, 30 mm de diam\u00e8tre et 25 mm de hauteur Oculaire : WF 10 X\/20 mm Objectifs : 0.7 X \u2026 4.5 X zoom \u00c9clairage : Incident et transmis, halog\u00e8ne 12 V \/15 W Condenseur fond noir Platine d\u2019un disque blanc \/ noir Valet de fixations pour fixer les \u00e9chantillons et disue en verre d\u00e9poli pour \u00e9clairage transmis<\/p>\n","protected":false},"featured_media":7355,"template":"","meta":{"_seopress_robots_primary_cat":"","_seopress_titles_title":"","_seopress_titles_desc":"","_seopress_robots_index":"","ngg_post_thumbnail":0},"product_cat":[150],"product_tag":[],"_links":{"self":[{"href":"https:\/\/crm-constantine.dz\/ar\/wp-json\/wp\/v2\/product\/7352"}],"collection":[{"href":"https:\/\/crm-constantine.dz\/ar\/wp-json\/wp\/v2\/product"}],"about":[{"href":"https:\/\/crm-constantine.dz\/ar\/wp-json\/wp\/v2\/types\/product"}],"wp:featuredmedia":[{"embeddable":true,"href":"https:\/\/crm-constantine.dz\/ar\/wp-json\/wp\/v2\/media\/7355"}],"wp:attachment":[{"href":"https:\/\/crm-constantine.dz\/ar\/wp-json\/wp\/v2\/media?parent=7352"}],"wp:term":[{"taxonomy":"product_cat","embeddable":true,"href":"https:\/\/crm-constantine.dz\/ar\/wp-json\/wp\/v2\/product_cat?post=7352"},{"taxonomy":"product_tag","embeddable":true,"href":"https:\/\/crm-constantine.dz\/ar\/wp-json\/wp\/v2\/product_tag?post=7352"}],"curies":[{"name":"wp","href":"https:\/\/api.w.org\/{rel}","templated":true}]}}