{"id":7347,"date":"2024-03-03T10:38:42","date_gmt":"2024-03-03T10:38:42","guid":{"rendered":"https:\/\/crm-constantine.dz\/ar\/?post_type=product&#038;p=7347"},"modified":"2024-03-03T10:38:42","modified_gmt":"2024-03-03T10:38:42","slug":"microscope-de-recherche-polarize","status":"publish","type":"product","link":"https:\/\/crm-constantine.dz\/ar\/product\/microscope-de-recherche-polarize\/","title":{"rendered":"Microscope de recherch\u00e9 polarize"},"content":{"rendered":"<ul>\n<li>T\u00e8te : trinoculaire, inclin\u00e9e \u00e0 30 \u00b0 et rotative sur 360 \u00b0<\/li>\n<li>R\u00e9glage dioptrique sur l\u2019oculaire gauche, r\u00e9glage interpupillaire 55-75 mm<\/li>\n<li>Oculaire : grand champ WF 10X\/22<\/li>\n<li>Objectifs : syst\u00e9me optique plan achromatique IOS (corrig\u00e9 \u00e0 l\u2019infini)<\/li>\n<li>Plan achromatique IOS 5 X LWM, O.N 0.15, W.D 10.8 mm<\/li>\n<li>Plan achromatique IOS 10 X LWD, O.N 0.3, W.D. 10 mm<\/li>\n<li>Plan achromatique IOS 20 X LWD , O.N. 0.45, W.D 4 mm<\/li>\n<li>Plan achromatique IOS 50 X LWD, O.N. 0.55, W.D 7.9 mm<\/li>\n<li>Tous les objectifs sont trait\u00e9s avec syst\u00e8me anti-fongique<\/li>\n<li>Analyseur rotatif de 0\u00b0 \u00e0 90 \u00b0 avec \u00e9chelle gradu\u00e9<\/li>\n<li>Lames retard :<\/li>\n<li>Rouge 1\u00b0 (1 lambda)<\/li>\n<li>1\u20444 lambda<\/li>\n<li>Cale de quartz<\/li>\n<li>\u00c9clairage :<\/li>\n<li>\u00c9clairage transmis : LED blanche comparable a une ampoule halog\u00e8ne de 50 W<\/li>\n<li>\u00c9clairage incidente :LED blanche comparable a une ampoule halog\u00e8ne de 100 w<\/li>\n<li>Observation : Fond clair, Polarisation en lumi\u00e8re transmise et en lumi\u00e8re incidente<\/li>\n<li>Alimentation : 110 \/230 V ; 50\/60 Hz<\/li>\n<\/ul>\n","protected":false},"excerpt":{"rendered":"<p>T\u00e8te : trinoculaire, inclin\u00e9e \u00e0 30 \u00b0 et rotative sur 360 \u00b0 R\u00e9glage dioptrique sur l\u2019oculaire gauche, r\u00e9glage interpupillaire 55-75 mm Oculaire : grand champ WF 10X\/22 Objectifs : syst\u00e9me optique plan achromatique IOS (corrig\u00e9 \u00e0 l\u2019infini) Plan achromatique IOS 5 X LWM, O.N 0.15, W.D 10.8 mm Plan achromatique IOS 10 X LWD, O.N 0.3, W.D. 10 mm Plan achromatique IOS 20 X LWD , O.N. 0.45, W.D 4 mm Plan achromatique IOS 50 X LWD, O.N. 0.55, W.D 7.9 mm Tous les objectifs sont trait\u00e9s avec syst\u00e8me anti-fongique Analyseur rotatif de 0\u00b0 \u00e0 90 \u00b0 avec \u00e9chelle gradu\u00e9 Lames retard : Rouge 1\u00b0 (1 lambda) 1\u20444 lambda Cale de quartz \u00c9clairage : \u00c9clairage transmis : LED blanche comparable a une ampoule halog\u00e8ne de 50 W \u00c9clairage incidente :LED blanche comparable a une ampoule halog\u00e8ne de 100 w Observation : Fond clair, Polarisation en lumi\u00e8re transmise et en lumi\u00e8re incidente Alimentation : 110 \/230 V ; 50\/60 Hz<\/p>\n","protected":false},"featured_media":7350,"template":"","meta":{"_seopress_robots_primary_cat":"","_seopress_titles_title":"","_seopress_titles_desc":"","_seopress_robots_index":"","ngg_post_thumbnail":0},"product_cat":[150],"product_tag":[],"_links":{"self":[{"href":"https:\/\/crm-constantine.dz\/ar\/wp-json\/wp\/v2\/product\/7347"}],"collection":[{"href":"https:\/\/crm-constantine.dz\/ar\/wp-json\/wp\/v2\/product"}],"about":[{"href":"https:\/\/crm-constantine.dz\/ar\/wp-json\/wp\/v2\/types\/product"}],"wp:featuredmedia":[{"embeddable":true,"href":"https:\/\/crm-constantine.dz\/ar\/wp-json\/wp\/v2\/media\/7350"}],"wp:attachment":[{"href":"https:\/\/crm-constantine.dz\/ar\/wp-json\/wp\/v2\/media?parent=7347"}],"wp:term":[{"taxonomy":"product_cat","embeddable":true,"href":"https:\/\/crm-constantine.dz\/ar\/wp-json\/wp\/v2\/product_cat?post=7347"},{"taxonomy":"product_tag","embeddable":true,"href":"https:\/\/crm-constantine.dz\/ar\/wp-json\/wp\/v2\/product_tag?post=7347"}],"curies":[{"name":"wp","href":"https:\/\/api.w.org\/{rel}","templated":true}]}}