{"id":7342,"date":"2024-03-03T10:32:37","date_gmt":"2024-03-03T10:32:37","guid":{"rendered":"https:\/\/crm-constantine.dz\/ar\/?post_type=product&#038;p=7342"},"modified":"2024-03-03T10:32:37","modified_gmt":"2024-03-03T10:32:37","slug":"camera-infrarouge-accessoires","status":"publish","type":"product","link":"https:\/\/crm-constantine.dz\/ar\/product\/camera-infrarouge-accessoires\/","title":{"rendered":"Cam\u00e9ra infrarouge &#038; accessoires"},"content":{"rendered":"<ul>\n<li>D\u00e9tecteur microbolom\u00e8tre non refroidi : 7.5 \u00e0 14 \u03bcm<\/li>\n<li>Matrice 640 x 480 pixels soit 307 200 pixels -Sensibilit\u00e9 thermique &lt; 20 mK \u00e0 +30\u00b0C<\/li>\n<li>Champs de vision 25\u00b0 x 19\u00b0 avec distance mini de focalisation 0.25m<\/li>\n<li>Fr\u00e9quence d&#8217;acquisition : 30 Hz<\/li>\n<li>Gammes de temp\u00e9rature : -40\u00b0C \u00e0 +150\u00b0C, +100 \u00e0 +650\u00b0C et +300 \u00e0 +2000\u00b0C<\/li>\n<li>Mise au point : Manuelle ou Automatique<\/li>\n<li>Position GPS inscrite dans chaque image<\/li>\n<li>Transfert d&#8217;images par wifi vers smartphones, tablet PC<\/li>\n<li>Zoom de x1 \u00e0 x8<\/li>\n<li>Ecran LCD tactile 4.3&#8243; (800 x 480 pixels)<\/li>\n<li>Viseur couleur avec oeilleton<\/li>\n<li>Cam\u00e9ra visible 5 Mpixels avec LED<\/li>\n<li>Laser de pointage (Classe 2, 1mW, 635nm)<\/li>\n<li>Mesures : 10 Points, 5 zones de mesures (rectangulaires ou circulaires), isothermes, 1 ligne, &#8230;<\/li>\n<li>Enregistrements p\u00e9riodiques des images : entre 15s et 24h<\/li>\n<li>Stockage des images sur carte SD (1000 images JPEG radiom\u00e9triques) avec enregistrement simultan\u00e9 thermique et visible<\/li>\n<li>Mode d&#8217;affichage : thermique, visible, image dans l&#8217;image, MSX et galerie de vignettes<\/li>\n<li>Poids : 1.3 kg<\/li>\n<\/ul>\n","protected":false},"excerpt":{"rendered":"<p>D\u00e9tecteur microbolom\u00e8tre non refroidi : 7.5 \u00e0 14 \u03bcm Matrice 640 x 480 pixels soit 307 200 pixels -Sensibilit\u00e9 thermique &lt; 20 mK \u00e0 +30\u00b0C Champs de vision 25\u00b0 x 19\u00b0 avec distance mini de focalisation 0.25m Fr\u00e9quence d&#8217;acquisition : 30 Hz Gammes de temp\u00e9rature : -40\u00b0C \u00e0 +150\u00b0C, +100 \u00e0 +650\u00b0C et +300 \u00e0 +2000\u00b0C Mise au point : Manuelle ou Automatique Position GPS inscrite dans chaque image Transfert d&#8217;images par wifi vers smartphones, tablet PC Zoom de x1 \u00e0 x8 Ecran LCD tactile 4.3&#8243; (800 x 480 pixels) Viseur couleur avec oeilleton Cam\u00e9ra visible 5 Mpixels avec LED Laser de pointage (Classe 2, 1mW, 635nm) Mesures : 10 Points, 5 zones de mesures (rectangulaires ou circulaires), isothermes, 1 ligne, &#8230; Enregistrements p\u00e9riodiques des images : entre 15s et 24h Stockage des images sur carte SD (1000 images JPEG radiom\u00e9triques) avec enregistrement simultan\u00e9 thermique et visible Mode d&#8217;affichage : thermique, visible, image dans l&#8217;image, MSX et galerie de vignettes Poids : 1.3 kg<\/p>\n","protected":false},"featured_media":7345,"template":"","meta":{"_seopress_robots_primary_cat":"","_seopress_titles_title":"","_seopress_titles_desc":"","_seopress_robots_index":"","ngg_post_thumbnail":0},"product_cat":[150],"product_tag":[],"_links":{"self":[{"href":"https:\/\/crm-constantine.dz\/ar\/wp-json\/wp\/v2\/product\/7342"}],"collection":[{"href":"https:\/\/crm-constantine.dz\/ar\/wp-json\/wp\/v2\/product"}],"about":[{"href":"https:\/\/crm-constantine.dz\/ar\/wp-json\/wp\/v2\/types\/product"}],"wp:featuredmedia":[{"embeddable":true,"href":"https:\/\/crm-constantine.dz\/ar\/wp-json\/wp\/v2\/media\/7345"}],"wp:attachment":[{"href":"https:\/\/crm-constantine.dz\/ar\/wp-json\/wp\/v2\/media?parent=7342"}],"wp:term":[{"taxonomy":"product_cat","embeddable":true,"href":"https:\/\/crm-constantine.dz\/ar\/wp-json\/wp\/v2\/product_cat?post=7342"},{"taxonomy":"product_tag","embeddable":true,"href":"https:\/\/crm-constantine.dz\/ar\/wp-json\/wp\/v2\/product_tag?post=7342"}],"curies":[{"name":"wp","href":"https:\/\/api.w.org\/{rel}","templated":true}]}}