{"id":7327,"date":"2024-03-03T10:15:40","date_gmt":"2024-03-03T10:15:40","guid":{"rendered":"https:\/\/crm-constantine.dz\/ar\/?post_type=product&#038;p=7327"},"modified":"2024-03-03T10:15:40","modified_gmt":"2024-03-03T10:15:40","slug":"enrobeuse-a-chaud","status":"publish","type":"product","link":"https:\/\/crm-constantine.dz\/ar\/product\/enrobeuse-a-chaud\/","title":{"rendered":"Enrobeuse \u00e0 chaud"},"content":{"rendered":"<ul>\n<li>Param\u00e8tres accessibles par \u00e9cran tactile<\/li>\n<li>Capacit\u00e9 : \u00d8 25, 30, 40 et 50 mm<\/li>\n<li>Syst\u00e8me de chauffe : 1000 W<\/li>\n<li>Plage de temp\u00e9rature : 80 \u00b0C \u00e0 180\u00b0C<\/li>\n<li>Cycle de chauffe : 1 \u00e0 15 min<\/li>\n<li>Cycle de chauffe : 1 \u00e0 15 min<\/li>\n<li>Pression : 50 \u00e0 350 bars<\/li>\n<li>Fermeture \u00e0 triple filetage pour une mise en place ais\u00e9e<\/li>\n<li>Electro-hydraulique pour \u00e9viter toute remont\u00e9e brutale et dangereuse de l&#8217;\u00e9chantillon<\/li>\n<\/ul>\n<p>Accessoires :<\/p>\n<ul>\n<li>Corps de chauffe pour \u00d8 25, 30, 40 et 50 mm<\/li>\n<li>Piston \u00d8 25, 30, 40 et 50 mm<\/li>\n<\/ul>\n","protected":false},"excerpt":{"rendered":"<p>Param\u00e8tres accessibles par \u00e9cran tactile Capacit\u00e9 : \u00d8 25, 30, 40 et 50 mm Syst\u00e8me de chauffe : 1000 W Plage de temp\u00e9rature : 80 \u00b0C \u00e0 180\u00b0C Cycle de chauffe : 1 \u00e0 15 min Cycle de chauffe : 1 \u00e0 15 min Pression : 50 \u00e0 350 bars Fermeture \u00e0 triple filetage pour une mise en place ais\u00e9e Electro-hydraulique pour \u00e9viter toute remont\u00e9e brutale et dangereuse de l&#8217;\u00e9chantillon Accessoires : Corps de chauffe pour \u00d8 25, 30, 40 et 50 mm Piston \u00d8 25, 30, 40 et 50 mm<\/p>\n","protected":false},"featured_media":7330,"template":"","meta":{"_seopress_robots_primary_cat":"","_seopress_titles_title":"","_seopress_titles_desc":"","_seopress_robots_index":"","ngg_post_thumbnail":0},"product_cat":[150],"product_tag":[],"_links":{"self":[{"href":"https:\/\/crm-constantine.dz\/ar\/wp-json\/wp\/v2\/product\/7327"}],"collection":[{"href":"https:\/\/crm-constantine.dz\/ar\/wp-json\/wp\/v2\/product"}],"about":[{"href":"https:\/\/crm-constantine.dz\/ar\/wp-json\/wp\/v2\/types\/product"}],"wp:featuredmedia":[{"embeddable":true,"href":"https:\/\/crm-constantine.dz\/ar\/wp-json\/wp\/v2\/media\/7330"}],"wp:attachment":[{"href":"https:\/\/crm-constantine.dz\/ar\/wp-json\/wp\/v2\/media?parent=7327"}],"wp:term":[{"taxonomy":"product_cat","embeddable":true,"href":"https:\/\/crm-constantine.dz\/ar\/wp-json\/wp\/v2\/product_cat?post=7327"},{"taxonomy":"product_tag","embeddable":true,"href":"https:\/\/crm-constantine.dz\/ar\/wp-json\/wp\/v2\/product_tag?post=7327"}],"curies":[{"name":"wp","href":"https:\/\/api.w.org\/{rel}","templated":true}]}}