{"id":7318,"date":"2024-03-03T10:03:02","date_gmt":"2024-03-03T10:03:02","guid":{"rendered":"https:\/\/crm-constantine.dz\/ar\/?post_type=product&#038;p=7318"},"modified":"2024-03-03T10:03:02","modified_gmt":"2024-03-03T10:03:02","slug":"mesureur-depaisseur-magnetique","status":"publish","type":"product","link":"https:\/\/crm-constantine.dz\/ar\/product\/mesureur-depaisseur-magnetique\/","title":{"rendered":"Mesureur d\u2019\u00e9paisseur magn\u00e9tique"},"content":{"rendered":"<ul>\n<li>Mesures rapides et reproductibles de films et feuilles en mati\u00e8re plastique, papier et m\u00e9talliques<\/li>\n<li>\u00c9tendue de mesure : 0-1000 \u00b5m (r\u00e9solution : 1\u00b5m)<\/li>\n<li>Pr\u00e9cision : \u00b1 (2 \u00b5m + 3 %)<\/li>\n<li>Sonde solide \u00e0 pointe rubis r\u00e9sistant \u00e0 l\u2019usure, aux acides, solvants, huiles, poussi\u00e8res \u2026<\/li>\n<li>Alarme visuelle et sonore<\/li>\n<li>Fonction z\u00e9ro pour mesures sur surfaces rugueuses ou incurv\u00e9es<\/li>\n<li>Large \u00e9cran LCD r\u00e9tro-\u00e9clair\u00e9 pour une lecture facile<\/li>\n<li>Alimentation par pile<\/li>\n<\/ul>\n","protected":false},"excerpt":{"rendered":"<p>Mesures rapides et reproductibles de films et feuilles en mati\u00e8re plastique, papier et m\u00e9talliques \u00c9tendue de mesure : 0-1000 \u00b5m (r\u00e9solution : 1\u00b5m) Pr\u00e9cision : \u00b1 (2 \u00b5m + 3 %) Sonde solide \u00e0 pointe rubis r\u00e9sistant \u00e0 l\u2019usure, aux acides, solvants, huiles, poussi\u00e8res \u2026 Alarme visuelle et sonore Fonction z\u00e9ro pour mesures sur surfaces rugueuses ou incurv\u00e9es Large \u00e9cran LCD r\u00e9tro-\u00e9clair\u00e9 pour une lecture facile Alimentation par pile<\/p>\n","protected":false},"featured_media":7321,"template":"","meta":{"_seopress_robots_primary_cat":"","_seopress_titles_title":"","_seopress_titles_desc":"","_seopress_robots_index":"","ngg_post_thumbnail":0},"product_cat":[150],"product_tag":[],"_links":{"self":[{"href":"https:\/\/crm-constantine.dz\/ar\/wp-json\/wp\/v2\/product\/7318"}],"collection":[{"href":"https:\/\/crm-constantine.dz\/ar\/wp-json\/wp\/v2\/product"}],"about":[{"href":"https:\/\/crm-constantine.dz\/ar\/wp-json\/wp\/v2\/types\/product"}],"wp:featuredmedia":[{"embeddable":true,"href":"https:\/\/crm-constantine.dz\/ar\/wp-json\/wp\/v2\/media\/7321"}],"wp:attachment":[{"href":"https:\/\/crm-constantine.dz\/ar\/wp-json\/wp\/v2\/media?parent=7318"}],"wp:term":[{"taxonomy":"product_cat","embeddable":true,"href":"https:\/\/crm-constantine.dz\/ar\/wp-json\/wp\/v2\/product_cat?post=7318"},{"taxonomy":"product_tag","embeddable":true,"href":"https:\/\/crm-constantine.dz\/ar\/wp-json\/wp\/v2\/product_tag?post=7318"}],"curies":[{"name":"wp","href":"https:\/\/api.w.org\/{rel}","templated":true}]}}