{"id":7310,"date":"2024-03-03T09:55:08","date_gmt":"2024-03-03T09:55:08","guid":{"rendered":"https:\/\/crm-constantine.dz\/ar\/?post_type=product&#038;p=7310"},"modified":"2024-03-03T09:58:13","modified_gmt":"2024-03-03T09:58:13","slug":"vibrometre-laser-a-balayage","status":"publish","type":"product","link":"https:\/\/crm-constantine.dz\/ar\/product\/vibrometre-laser-a-balayage\/","title":{"rendered":"Vibrom\u00e8tre laser \u00e0 balayage"},"content":{"rendered":"<ul>\n<li>Syst\u00e8me optique auto-collimat\u00e9<\/li>\n<li>Image par contr\u00f4le cam\u00e9ra vid\u00e9o avec miroir et support<\/li>\n<li>Haute sensibilit\u00e9<\/li>\n<li>Fabrication robuste<\/li>\n<li>Faisceau motoris\u00e9 gr\u00e2ce \u00e0 la d\u00e9finition de la g\u00e9om\u00e9trie via le logiciel<\/li>\n<li>Animation des d\u00e9form\u00e9es modales<\/li>\n<li>Moyennage des mesures<\/li>\n<li>Vitesse maximale : 2 m\/s<\/li>\n<li>Gamme de fr\u00e9quences : 0 &#8211; 500 kHz<\/li>\n<li>Meilleure r\u00e9solution : 10 nm\/s<\/li>\n<li>Lentille autofocus moyenne distance, distances : 150 mm &#8230; 10 m<\/li>\n<li>Logiciel de contr\u00f4le et d\u2019analyse<\/li>\n<\/ul>\n","protected":false},"excerpt":{"rendered":"<p>Syst\u00e8me optique auto-collimat\u00e9 Image par contr\u00f4le cam\u00e9ra vid\u00e9o avec miroir et support Haute sensibilit\u00e9 Fabrication robuste Faisceau motoris\u00e9 gr\u00e2ce \u00e0 la d\u00e9finition de la g\u00e9om\u00e9trie via le logiciel Animation des d\u00e9form\u00e9es modales Moyennage des mesures Vitesse maximale : 2 m\/s Gamme de fr\u00e9quences : 0 &#8211; 500 kHz Meilleure r\u00e9solution : 10 nm\/s Lentille autofocus moyenne distance, distances : 150 mm &#8230; 10 m Logiciel de contr\u00f4le et d\u2019analyse<\/p>\n","protected":false},"featured_media":7313,"template":"","meta":{"_seopress_robots_primary_cat":"none","_seopress_titles_title":"","_seopress_titles_desc":"","_seopress_robots_index":"","ngg_post_thumbnail":0},"product_cat":[150],"product_tag":[],"_links":{"self":[{"href":"https:\/\/crm-constantine.dz\/ar\/wp-json\/wp\/v2\/product\/7310"}],"collection":[{"href":"https:\/\/crm-constantine.dz\/ar\/wp-json\/wp\/v2\/product"}],"about":[{"href":"https:\/\/crm-constantine.dz\/ar\/wp-json\/wp\/v2\/types\/product"}],"wp:featuredmedia":[{"embeddable":true,"href":"https:\/\/crm-constantine.dz\/ar\/wp-json\/wp\/v2\/media\/7313"}],"wp:attachment":[{"href":"https:\/\/crm-constantine.dz\/ar\/wp-json\/wp\/v2\/media?parent=7310"}],"wp:term":[{"taxonomy":"product_cat","embeddable":true,"href":"https:\/\/crm-constantine.dz\/ar\/wp-json\/wp\/v2\/product_cat?post=7310"},{"taxonomy":"product_tag","embeddable":true,"href":"https:\/\/crm-constantine.dz\/ar\/wp-json\/wp\/v2\/product_tag?post=7310"}],"curies":[{"name":"wp","href":"https:\/\/api.w.org\/{rel}","templated":true}]}}