{"id":7306,"date":"2024-03-03T09:50:18","date_gmt":"2024-03-03T09:50:18","guid":{"rendered":"https:\/\/crm-constantine.dz\/ar\/?post_type=product&#038;p=7306"},"modified":"2024-03-03T09:50:18","modified_gmt":"2024-03-03T09:50:18","slug":"vibrometre-portable","status":"publish","type":"product","link":"https:\/\/crm-constantine.dz\/ar\/product\/vibrometre-portable\/","title":{"rendered":"Vibrom\u00e8tre portable"},"content":{"rendered":"<ul>\n<li>Vitesse de 0,00 &#8230; 399,9 mm\/s (de 10Hz \u00e0 10kHz)<\/li>\n<li>Acc\u00e9l\u00e9ration de 0,00 &#8230; 399,9 m\/s (de 9Hz \u00e0 10kHz)<\/li>\n<li>D\u00e9placement de 0,001 \u00e0 3.999mm (de 10Hz \u00e0 1kHz)<\/li>\n<li>Vitesse de rotation de 50 \u2026 99,900 tr\/min<\/li>\n<li>Pr\u00e9cision : \u00b15%<\/li>\n<li>Grand \u00e9cran<\/li>\n<li>Fonction Peak-Hold<\/li>\n<li>Affichage direct sur l&#8217;\u00e9cran de l&#8217;acc\u00e9l\u00e9ration, la vitesse et le d\u00e9placement de vibration<\/li>\n<li>Logiciel d\u2019acquisition de donn\u00e9es<\/li>\n<li>Alimentation par pile<\/li>\n<\/ul>\n","protected":false},"excerpt":{"rendered":"<p>Vitesse de 0,00 &#8230; 399,9 mm\/s (de 10Hz \u00e0 10kHz) Acc\u00e9l\u00e9ration de 0,00 &#8230; 399,9 m\/s (de 9Hz \u00e0 10kHz) D\u00e9placement de 0,001 \u00e0 3.999mm (de 10Hz \u00e0 1kHz) Vitesse de rotation de 50 \u2026 99,900 tr\/min Pr\u00e9cision : \u00b15% Grand \u00e9cran Fonction Peak-Hold Affichage direct sur l&#8217;\u00e9cran de l&#8217;acc\u00e9l\u00e9ration, la vitesse et le d\u00e9placement de vibration Logiciel d\u2019acquisition de donn\u00e9es Alimentation par pile<\/p>\n","protected":false},"featured_media":7309,"template":"","meta":{"_seopress_robots_primary_cat":"","_seopress_titles_title":"","_seopress_titles_desc":"","_seopress_robots_index":"","ngg_post_thumbnail":0},"product_cat":[150],"product_tag":[],"_links":{"self":[{"href":"https:\/\/crm-constantine.dz\/ar\/wp-json\/wp\/v2\/product\/7306"}],"collection":[{"href":"https:\/\/crm-constantine.dz\/ar\/wp-json\/wp\/v2\/product"}],"about":[{"href":"https:\/\/crm-constantine.dz\/ar\/wp-json\/wp\/v2\/types\/product"}],"wp:featuredmedia":[{"embeddable":true,"href":"https:\/\/crm-constantine.dz\/ar\/wp-json\/wp\/v2\/media\/7309"}],"wp:attachment":[{"href":"https:\/\/crm-constantine.dz\/ar\/wp-json\/wp\/v2\/media?parent=7306"}],"wp:term":[{"taxonomy":"product_cat","embeddable":true,"href":"https:\/\/crm-constantine.dz\/ar\/wp-json\/wp\/v2\/product_cat?post=7306"},{"taxonomy":"product_tag","embeddable":true,"href":"https:\/\/crm-constantine.dz\/ar\/wp-json\/wp\/v2\/product_tag?post=7306"}],"curies":[{"name":"wp","href":"https:\/\/api.w.org\/{rel}","templated":true}]}}