{"id":6955,"date":"2024-03-03T09:35:00","date_gmt":"2024-03-03T09:35:00","guid":{"rendered":"https:\/\/crm-constantine.dz\/ar\/?post_type=product&#038;p=6955"},"modified":"2024-03-03T09:39:28","modified_gmt":"2024-03-03T09:39:28","slug":"profilmetre-tactile","status":"publish","type":"product","link":"https:\/\/crm-constantine.dz\/ar\/product\/profilmetre-tactile\/","title":{"rendered":"Profilm\u00e8tre tactile"},"content":{"rendered":"<p>Une technologie de balayage unique avec :<\/p>\n<ul>\n<li>Une platine X\/Y manuelle avec un d\u00e9placement de 4 inches (rotation non disponible)<\/li>\n<li>Un support d&#8217;\u00e9chantillon standard 4inch<\/li>\n<li>LIS 3, Capteur \u00e0 faible inertie avec 1 \u00e0 15mg de force<\/li>\n<li>Camera couleur 3.1 Mpixel avec un agrandissement s\u00e9lectionnable<\/li>\n<li>Un stylet de rayon de courbure 2 \u00b5m<\/li>\n<li>Optically flat scan block avec une longueur de balayage de 55 mm<\/li>\n<li>4 angstrom step height repeatability, 1 sigma on 1um step<\/li>\n<li>Un ordinateur PC Technologie 64Bits avec processeur de 3.2GHz, 4GB RAM, disque dur de 500GB<\/li>\n<li>Logiciel d\u2019analyse vision64<\/li>\n<li>Calibration Standard, nominal 940nm (0.94um), avec certificat de Calibration incluse<\/li>\n<li>Stylus, LIS 3, 12.5um Radius, Red, Color Coded<\/li>\n<li>Type B<\/li>\n<\/ul>\n","protected":false},"excerpt":{"rendered":"<p>Une technologie de balayage unique avec : Une platine X\/Y manuelle avec un d\u00e9placement de 4 inches (rotation non disponible) Un support d&#8217;\u00e9chantillon standard 4inch LIS 3, Capteur \u00e0 faible inertie avec 1 \u00e0 15mg de force Camera couleur 3.1 Mpixel avec un agrandissement s\u00e9lectionnable Un stylet de rayon de courbure 2 \u00b5m Optically flat scan block avec une longueur de balayage de 55 mm 4 angstrom step height repeatability, 1 sigma on 1um step Un ordinateur PC Technologie 64Bits avec processeur de 3.2GHz, 4GB RAM, disque dur de 500GB Logiciel d\u2019analyse vision64 Calibration Standard, nominal 940nm (0.94um), avec certificat de Calibration incluse Stylus, LIS 3, 12.5um Radius, Red, Color Coded Type B<\/p>\n","protected":false},"featured_media":7305,"template":"","meta":{"_seopress_robots_primary_cat":"none","_seopress_titles_title":"","_seopress_titles_desc":"","_seopress_robots_index":"","ngg_post_thumbnail":0},"product_cat":[150],"product_tag":[],"_links":{"self":[{"href":"https:\/\/crm-constantine.dz\/ar\/wp-json\/wp\/v2\/product\/6955"}],"collection":[{"href":"https:\/\/crm-constantine.dz\/ar\/wp-json\/wp\/v2\/product"}],"about":[{"href":"https:\/\/crm-constantine.dz\/ar\/wp-json\/wp\/v2\/types\/product"}],"wp:featuredmedia":[{"embeddable":true,"href":"https:\/\/crm-constantine.dz\/ar\/wp-json\/wp\/v2\/media\/7305"}],"wp:attachment":[{"href":"https:\/\/crm-constantine.dz\/ar\/wp-json\/wp\/v2\/media?parent=6955"}],"wp:term":[{"taxonomy":"product_cat","embeddable":true,"href":"https:\/\/crm-constantine.dz\/ar\/wp-json\/wp\/v2\/product_cat?post=6955"},{"taxonomy":"product_tag","embeddable":true,"href":"https:\/\/crm-constantine.dz\/ar\/wp-json\/wp\/v2\/product_tag?post=6955"}],"curies":[{"name":"wp","href":"https:\/\/api.w.org\/{rel}","templated":true}]}}