{"id":6949,"date":"2024-02-05T08:17:25","date_gmt":"2024-02-05T08:17:25","guid":{"rendered":"https:\/\/crm-constantine.dz\/ar\/?post_type=product&#038;p=6949"},"modified":"2024-02-05T08:30:00","modified_gmt":"2024-02-05T08:30:00","slug":"bras-de-mesure-tridimensionnel-mmt","status":"publish","type":"product","link":"https:\/\/crm-constantine.dz\/ar\/product\/bras-de-mesure-tridimensionnel-mmt\/","title":{"rendered":"Bras de mesure tridimensionnel MMT"},"content":{"rendered":"<p>Bras de mesure tridimensionnel 6 axes, sa mobilit\u00e9 lui offre la capacit\u00e9 d\u2019effectuer des mesures sur n\u2019importe quelle forme de pi\u00e8ce, \u00e9liminant ainsi le souci de dimensions<\/p>\n<ul>\n<li>Mod\u00e8le : RA7312 + ROY-PROB-I-A<\/li>\n<li>Plage de mesure : 1.2 m<\/li>\n<li>R\u00e9p\u00e9tabilit\u00e9 : 0.014 mm<\/li>\n<li>Sans fixation ou montage particulier.<\/li>\n<\/ul>\n<p>\u00c0 placer simplement sur une surface de travail et il est pr\u00eat \u00e0 \u00eatre utilis\u00e9<\/p>\n<ul>\n<li>Lumi\u00e8re d&#8217;appoint et camera int\u00e9gr\u00e9es<\/li>\n<li>Encodeurs absolus et retour haptique qui alerte les utilisateurs quand une limite d&#8217;axe est atteinte afin de r\u00e9duire le risque de mesures erron\u00e9es.<\/li>\n<li>Logiciel avec PC portable<\/li>\n<\/ul>\n","protected":false},"excerpt":{"rendered":"<p>Bras de mesure tridimensionnel 6 axes, sa mobilit\u00e9 lui offre la capacit\u00e9 d\u2019effectuer des mesures sur n\u2019importe quelle forme de pi\u00e8ce, \u00e9liminant ainsi le souci de dimensions Mod\u00e8le : RA7312 + ROY-PROB-I-A Plage de mesure : 1.2 m R\u00e9p\u00e9tabilit\u00e9 : 0.014 mm Sans fixation ou montage particulier. \u00c0 placer simplement sur une surface de travail et il est pr\u00eat \u00e0 \u00eatre utilis\u00e9 Lumi\u00e8re d&#8217;appoint et camera int\u00e9gr\u00e9es Encodeurs absolus et retour haptique qui alerte les utilisateurs quand une limite d&#8217;axe est atteinte afin de r\u00e9duire le risque de mesures erron\u00e9es. Logiciel avec PC portable<\/p>\n","protected":false},"featured_media":6953,"template":"","meta":{"_seopress_robots_primary_cat":"none","_seopress_titles_title":"","_seopress_titles_desc":"","_seopress_robots_index":"","ngg_post_thumbnail":0},"product_cat":[150],"product_tag":[],"_links":{"self":[{"href":"https:\/\/crm-constantine.dz\/ar\/wp-json\/wp\/v2\/product\/6949"}],"collection":[{"href":"https:\/\/crm-constantine.dz\/ar\/wp-json\/wp\/v2\/product"}],"about":[{"href":"https:\/\/crm-constantine.dz\/ar\/wp-json\/wp\/v2\/types\/product"}],"wp:featuredmedia":[{"embeddable":true,"href":"https:\/\/crm-constantine.dz\/ar\/wp-json\/wp\/v2\/media\/6953"}],"wp:attachment":[{"href":"https:\/\/crm-constantine.dz\/ar\/wp-json\/wp\/v2\/media?parent=6949"}],"wp:term":[{"taxonomy":"product_cat","embeddable":true,"href":"https:\/\/crm-constantine.dz\/ar\/wp-json\/wp\/v2\/product_cat?post=6949"},{"taxonomy":"product_tag","embeddable":true,"href":"https:\/\/crm-constantine.dz\/ar\/wp-json\/wp\/v2\/product_tag?post=6949"}],"curies":[{"name":"wp","href":"https:\/\/api.w.org\/{rel}","templated":true}]}}