{"id":7480,"date":"2024-03-05T08:53:07","date_gmt":"2024-03-05T08:53:07","guid":{"rendered":"https:\/\/crm-constantine.dz\/ar\/?page_id=7480"},"modified":"2024-07-21T14:09:14","modified_gmt":"2024-07-21T14:09:14","slug":"%d8%a7%d9%84%d9%87%d9%86%d8%af%d8%b3%d8%a9-%d8%ab%d9%84%d8%a7%d8%ab%d9%8a%d8%a9-%d8%a7%d9%84%d8%a3%d8%a8%d8%b9%d8%a7%d8%af-%d9%84%d9%84%d8%a3%d8%ac%d8%b2%d8%a7%d8%a1-%d9%88%d8%a7%d9%84%d8%a2%d9%84","status":"publish","type":"page","link":"https:\/\/crm-constantine.dz\/ar\/%d8%a7%d9%84%d9%87%d9%86%d8%af%d8%b3%d8%a9-%d8%ab%d9%84%d8%a7%d8%ab%d9%8a%d8%a9-%d8%a7%d9%84%d8%a3%d8%a8%d8%b9%d8%a7%d8%af-%d9%84%d9%84%d8%a3%d8%ac%d8%b2%d8%a7%d8%a1-%d9%88%d8%a7%d9%84%d8%a2%d9%84\/","title":{"rendered":"\u0627\u0644\u0647\u0646\u062f\u0633\u0629 \u062b\u0644\u0627\u062b\u064a\u0629 \u0627\u0644\u0623\u0628\u0639\u0627\u062f \u0644\u0644\u0623\u062c\u0632\u0627\u0621 \u0648\u0627\u0644\u0622\u0644\u064a\u0627\u062a"},"content":{"rendered":"\t\t<div data-elementor-type=\"wp-page\" data-elementor-id=\"7480\" class=\"elementor elementor-7480\" data-elementor-post-type=\"page\">\n\t\t\t\t<div class=\"elementor-element elementor-element-c555517 e-flex e-con-boxed wpr-particle-no wpr-jarallax-no wpr-parallax-no wpr-sticky-section-no e-con e-parent\" data-id=\"c555517\" data-element_type=\"container\">\n\t\t\t\t\t<div class=\"e-con-inner\">\n\t\t\t\t<div class=\"elementor-element elementor-element-a0477fd wpr-grid-columns-3 wpr-grid-columns--laptop3 wpr-grid-columns--tablet_extra3 wpr-grid-columns--tablet2 wpr-grid-columns--mobile1 wpr-grid-pagination-center wpr-item-styles-inner elementor-widget elementor-widget-wpr-woo-grid\" data-id=\"a0477fd\" data-element_type=\"widget\" data-widget_type=\"wpr-woo-grid.default\">\n\t\t\t\t<div class=\"elementor-widget-container\">\n\t\t\t<ul class=\"wpr-grid-filters elementor-clearfix wpr-grid-filters-sep-right\"><li class=\" wpr-pointer-none wpr-pointer-line-fx wpr-pointer-fx-none\"><span data-filter=\"*\" class=\"wpr-active-filter \">All<\/span><em class=\"wpr-grid-filters-sep\"><\/em><\/li><li class=\" wpr-pointer-none wpr-pointer-line-fx wpr-pointer-fx-none\"><span  data-filter=\".product_cat-geometrie-tridimensionnelle\">G\u00e9om\u00e9trie Tridimensionnelle<\/span><em class=\"wpr-grid-filters-sep\"><\/em><\/li><\/ul><section class=\"wpr-grid elementor-clearfix\" data-settings=\"{&quot;layout&quot;:&quot;fitRows&quot;,&quot;stick_last_element_to_bottom&quot;:&quot;&quot;,&quot;columns_desktop&quot;:3,&quot;gutter_hr&quot;:20,&quot;gutter_hr_mobile&quot;:20,&quot;gutter_hr_mobile_extra&quot;:20,&quot;gutter_hr_tablet&quot;:20,&quot;gutter_hr_tablet_extra&quot;:20,&quot;gutter_hr_laptop&quot;:20,&quot;gutter_hr_widescreen&quot;:20,&quot;gutter_vr&quot;:30,&quot;gutter_vr_mobile&quot;:30,&quot;gutter_vr_mobile_extra&quot;:30,&quot;gutter_vr_tablet&quot;:30,&quot;gutter_vr_tablet_extra&quot;:30,&quot;gutter_vr_laptop&quot;:30,&quot;gutter_vr_widescreen&quot;:30,&quot;animation&quot;:&quot;default&quot;,&quot;animation_duration&quot;:0.3,&quot;animation_delay&quot;:0.1,&quot;deeplinking&quot;:&quot;&quot;,&quot;filters_linkable&quot;:&quot;no&quot;,&quot;filters_default_filter&quot;:&quot;&quot;,&quot;filters_count&quot;:&quot;&quot;,&quot;filters_hide_empty&quot;:&quot;no&quot;,&quot;filters_animation&quot;:&quot;default&quot;,&quot;filters_animation_duration&quot;:0.3,&quot;filters_animation_delay&quot;:0.1,&quot;pagination_type&quot;:&quot;load-more&quot;,&quot;pagination_max_pages&quot;:2,&quot;lightbox&quot;:{&quot;selector&quot;:&quot;.wpr-grid-image-wrap&quot;,&quot;iframeMaxWidth&quot;:&quot;60%&quot;,&quot;hash&quot;:false,&quot;autoplay&quot;:&quot;true&quot;,&quot;pause&quot;:5000,&quot;progressBar&quot;:&quot;true&quot;,&quot;counter&quot;:&quot;true&quot;,&quot;controls&quot;:&quot;true&quot;,&quot;getCaptionFromTitleOrAlt&quot;:&quot;true&quot;,&quot;thumbnail&quot;:&quot;&quot;,&quot;showThumbByDefault&quot;:&quot;&quot;,&quot;share&quot;:&quot;&quot;,&quot;zoom&quot;:&quot;true&quot;,&quot;fullScreen&quot;:&quot;true&quot;,&quot;download&quot;:&quot;true&quot;}}\" data-found-posts = 13><article class=\"wpr-grid-item elementor-clearfix post-6949 product type-product status-publish has-post-thumbnail product_cat-geometrie-tridimensionnelle ts_product_brand-walterbai first instock shipping-taxable product-type-simple add-to-wishlist-after_add_to_cart\"><div class=\"wpr-grid-item-inner\"><div class=\"wpr-grid-media-wrap wpr-effect-size-medium \" data-overlay-link=\"yes\"><div class=\"wpr-grid-image-wrap\" data-src=\"https:\/\/crm-constantine.dz\/ar\/wp-content\/uploads\/sites\/13\/2024\/02\/bras-de-mesure-3d-mmt-2.webp\"  data-img-on-hover=\"\" data-src-secondary=\"\"><img decoding=\"async\" src=\"https:\/\/crm-constantine.dz\/ar\/wp-content\/uploads\/sites\/13\/2024\/02\/bras-de-mesure-3d-mmt-2.webp\" alt=\"Bras de mesure tridimensionnel MMT\" class=\"wpr-anim-timing-ease-default\"><\/div><div class=\"wpr-grid-media-hover wpr-animation-wrap\"><div class=\"wpr-grid-media-hover-bg  wpr-overlay-fade-in wpr-anim-size-large wpr-anim-timing-ease-default wpr-anim-transparency\" data-url=\"https:\/\/crm-constantine.dz\/ar\/product\/bras-de-mesure-tridimensionnel-mmt\/\"><\/div><div class=\"wpr-cv-container\"><div class=\"wpr-cv-outer\"><div class=\"wpr-cv-inner\"><div class=\"wpr-grid-media-hover-middle elementor-clearfix\"><div class=\"wpr-grid-item-status elementor-repeater-item-0f281d9 wpr-grid-item-display-block wpr-grid-item-align-middle wpr-element-fade-in wpr-anim-size-large wpr-anim-timing-ease-default wpr-anim-transparency\"><div class=\"inner-block\"><\/div><\/div><\/div><\/div><\/div><\/div><\/div><\/div><div class=\"wpr-grid-item-below-content elementor-clearfix\"><h2 class=\"wpr-grid-item-title elementor-repeater-item-ad3b24d wpr-grid-item-display-block wpr-grid-item-align-left wpr-pointer-none wpr-pointer-line-fx wpr-pointer-fx-fade\"><div class=\"inner-block\"><a target=\"_self\"   href=\"https:\/\/crm-constantine.dz\/ar\/product\/bras-de-mesure-tridimensionnel-mmt\/\">Bras de mesure tridimensionnel MMT<\/a><\/div><\/h2><div class=\"wpr-grid-item-price elementor-repeater-item-bf7ad28 wpr-grid-item-display-block wpr-grid-item-align-left\"><div class=\"inner-block\"><span><\/span><\/div><\/div><\/div><\/div><\/article><article class=\"wpr-grid-item elementor-clearfix post-6955 product type-product status-publish has-post-thumbnail product_cat-geometrie-tridimensionnelle ts_product_brand-walterbai  instock shipping-taxable product-type-simple add-to-wishlist-after_add_to_cart\"><div class=\"wpr-grid-item-inner\"><div class=\"wpr-grid-media-wrap wpr-effect-size-medium \" data-overlay-link=\"yes\"><div class=\"wpr-grid-image-wrap\" data-src=\"https:\/\/crm-constantine.dz\/ar\/wp-content\/uploads\/sites\/13\/2024\/02\/profilmetre-tactile.webp\"  data-img-on-hover=\"\" data-src-secondary=\"\"><img decoding=\"async\" src=\"https:\/\/crm-constantine.dz\/ar\/wp-content\/uploads\/sites\/13\/2024\/02\/profilmetre-tactile.webp\" alt=\"Profilm\u00e8tre tactile\" class=\"wpr-anim-timing-ease-default\"><\/div><div class=\"wpr-grid-media-hover wpr-animation-wrap\"><div class=\"wpr-grid-media-hover-bg  wpr-overlay-fade-in wpr-anim-size-large wpr-anim-timing-ease-default wpr-anim-transparency\" data-url=\"https:\/\/crm-constantine.dz\/ar\/product\/profilmetre-tactile\/\"><\/div><div class=\"wpr-cv-container\"><div class=\"wpr-cv-outer\"><div class=\"wpr-cv-inner\"><div class=\"wpr-grid-media-hover-middle elementor-clearfix\"><div class=\"wpr-grid-item-status elementor-repeater-item-0f281d9 wpr-grid-item-display-block wpr-grid-item-align-middle wpr-element-fade-in wpr-anim-size-large wpr-anim-timing-ease-default wpr-anim-transparency\"><div class=\"inner-block\"><\/div><\/div><\/div><\/div><\/div><\/div><\/div><\/div><div class=\"wpr-grid-item-below-content elementor-clearfix\"><h2 class=\"wpr-grid-item-title elementor-repeater-item-ad3b24d wpr-grid-item-display-block wpr-grid-item-align-left wpr-pointer-none wpr-pointer-line-fx wpr-pointer-fx-fade\"><div class=\"inner-block\"><a target=\"_self\"   href=\"https:\/\/crm-constantine.dz\/ar\/product\/profilmetre-tactile\/\">Profilm\u00e8tre tactile<\/a><\/div><\/h2><div class=\"wpr-grid-item-price elementor-repeater-item-bf7ad28 wpr-grid-item-display-block wpr-grid-item-align-left\"><div class=\"inner-block\"><span><\/span><\/div><\/div><\/div><\/div><\/article><article class=\"wpr-grid-item elementor-clearfix post-7306 product type-product status-publish has-post-thumbnail product_cat-geometrie-tridimensionnelle ts_product_brand-walterbai  instock shipping-taxable product-type-simple add-to-wishlist-after_add_to_cart\"><div class=\"wpr-grid-item-inner\"><div class=\"wpr-grid-media-wrap wpr-effect-size-medium \" data-overlay-link=\"yes\"><div class=\"wpr-grid-image-wrap\" data-src=\"https:\/\/crm-constantine.dz\/ar\/wp-content\/uploads\/sites\/13\/2024\/03\/Vibrometre-portable.webp\"  data-img-on-hover=\"\" data-src-secondary=\"\"><img decoding=\"async\" src=\"https:\/\/crm-constantine.dz\/ar\/wp-content\/uploads\/sites\/13\/2024\/03\/Vibrometre-portable.webp\" alt=\"Vibrom\u00e8tre portable\" class=\"wpr-anim-timing-ease-default\"><\/div><div class=\"wpr-grid-media-hover wpr-animation-wrap\"><div class=\"wpr-grid-media-hover-bg  wpr-overlay-fade-in wpr-anim-size-large wpr-anim-timing-ease-default wpr-anim-transparency\" data-url=\"https:\/\/crm-constantine.dz\/ar\/product\/vibrometre-portable\/\"><\/div><div class=\"wpr-cv-container\"><div class=\"wpr-cv-outer\"><div class=\"wpr-cv-inner\"><div class=\"wpr-grid-media-hover-middle elementor-clearfix\"><div class=\"wpr-grid-item-status elementor-repeater-item-0f281d9 wpr-grid-item-display-block wpr-grid-item-align-middle wpr-element-fade-in wpr-anim-size-large wpr-anim-timing-ease-default wpr-anim-transparency\"><div class=\"inner-block\"><\/div><\/div><\/div><\/div><\/div><\/div><\/div><\/div><div class=\"wpr-grid-item-below-content elementor-clearfix\"><h2 class=\"wpr-grid-item-title elementor-repeater-item-ad3b24d wpr-grid-item-display-block wpr-grid-item-align-left wpr-pointer-none wpr-pointer-line-fx wpr-pointer-fx-fade\"><div class=\"inner-block\"><a target=\"_self\"   href=\"https:\/\/crm-constantine.dz\/ar\/product\/vibrometre-portable\/\">Vibrom\u00e8tre portable<\/a><\/div><\/h2><div class=\"wpr-grid-item-price elementor-repeater-item-bf7ad28 wpr-grid-item-display-block wpr-grid-item-align-left\"><div class=\"inner-block\"><span><\/span><\/div><\/div><\/div><\/div><\/article><article class=\"wpr-grid-item elementor-clearfix post-7310 product type-product status-publish has-post-thumbnail product_cat-geometrie-tridimensionnelle ts_product_brand-walterbai last instock shipping-taxable product-type-simple add-to-wishlist-after_add_to_cart\"><div class=\"wpr-grid-item-inner\"><div class=\"wpr-grid-media-wrap wpr-effect-size-medium \" data-overlay-link=\"yes\"><div class=\"wpr-grid-image-wrap\" data-src=\"https:\/\/crm-constantine.dz\/ar\/wp-content\/uploads\/sites\/13\/2024\/03\/Vibrometre-laser-a-balayage.webp\"  data-img-on-hover=\"\" data-src-secondary=\"\"><img decoding=\"async\" src=\"https:\/\/crm-constantine.dz\/ar\/wp-content\/uploads\/sites\/13\/2024\/03\/Vibrometre-laser-a-balayage.webp\" alt=\"Vibrom\u00e8tre laser \u00e0 balayage\" class=\"wpr-anim-timing-ease-default\"><\/div><div class=\"wpr-grid-media-hover wpr-animation-wrap\"><div class=\"wpr-grid-media-hover-bg  wpr-overlay-fade-in wpr-anim-size-large wpr-anim-timing-ease-default wpr-anim-transparency\" data-url=\"https:\/\/crm-constantine.dz\/ar\/product\/vibrometre-laser-a-balayage\/\"><\/div><div class=\"wpr-cv-container\"><div class=\"wpr-cv-outer\"><div class=\"wpr-cv-inner\"><div class=\"wpr-grid-media-hover-middle elementor-clearfix\"><div class=\"wpr-grid-item-status elementor-repeater-item-0f281d9 wpr-grid-item-display-block wpr-grid-item-align-middle wpr-element-fade-in wpr-anim-size-large wpr-anim-timing-ease-default wpr-anim-transparency\"><div class=\"inner-block\"><\/div><\/div><\/div><\/div><\/div><\/div><\/div><\/div><div class=\"wpr-grid-item-below-content elementor-clearfix\"><h2 class=\"wpr-grid-item-title elementor-repeater-item-ad3b24d wpr-grid-item-display-block wpr-grid-item-align-left wpr-pointer-none wpr-pointer-line-fx wpr-pointer-fx-fade\"><div class=\"inner-block\"><a target=\"_self\"   href=\"https:\/\/crm-constantine.dz\/ar\/product\/vibrometre-laser-a-balayage\/\">Vibrom\u00e8tre laser \u00e0 balayage<\/a><\/div><\/h2><div class=\"wpr-grid-item-price elementor-repeater-item-bf7ad28 wpr-grid-item-display-block wpr-grid-item-align-left\"><div class=\"inner-block\"><span><\/span><\/div><\/div><\/div><\/div><\/article><article class=\"wpr-grid-item elementor-clearfix post-7318 product type-product status-publish has-post-thumbnail product_cat-geometrie-tridimensionnelle ts_product_brand-walterbai first instock shipping-taxable product-type-simple add-to-wishlist-after_add_to_cart\"><div class=\"wpr-grid-item-inner\"><div class=\"wpr-grid-media-wrap wpr-effect-size-medium \" data-overlay-link=\"yes\"><div class=\"wpr-grid-image-wrap\" data-src=\"https:\/\/crm-constantine.dz\/ar\/wp-content\/uploads\/sites\/13\/2024\/03\/Mesureur-depaisseur-magnetique.webp\"  data-img-on-hover=\"\" data-src-secondary=\"\"><img decoding=\"async\" src=\"https:\/\/crm-constantine.dz\/ar\/wp-content\/uploads\/sites\/13\/2024\/03\/Mesureur-depaisseur-magnetique.webp\" alt=\"Mesureur d\u2019\u00e9paisseur magn\u00e9tique\" class=\"wpr-anim-timing-ease-default\"><\/div><div class=\"wpr-grid-media-hover wpr-animation-wrap\"><div class=\"wpr-grid-media-hover-bg  wpr-overlay-fade-in wpr-anim-size-large wpr-anim-timing-ease-default wpr-anim-transparency\" data-url=\"https:\/\/crm-constantine.dz\/ar\/product\/mesureur-depaisseur-magnetique\/\"><\/div><div class=\"wpr-cv-container\"><div class=\"wpr-cv-outer\"><div class=\"wpr-cv-inner\"><div class=\"wpr-grid-media-hover-middle elementor-clearfix\"><div class=\"wpr-grid-item-status elementor-repeater-item-0f281d9 wpr-grid-item-display-block wpr-grid-item-align-middle wpr-element-fade-in wpr-anim-size-large wpr-anim-timing-ease-default wpr-anim-transparency\"><div class=\"inner-block\"><\/div><\/div><\/div><\/div><\/div><\/div><\/div><\/div><div class=\"wpr-grid-item-below-content elementor-clearfix\"><h2 class=\"wpr-grid-item-title elementor-repeater-item-ad3b24d wpr-grid-item-display-block wpr-grid-item-align-left wpr-pointer-none wpr-pointer-line-fx wpr-pointer-fx-fade\"><div class=\"inner-block\"><a target=\"_self\"   href=\"https:\/\/crm-constantine.dz\/ar\/product\/mesureur-depaisseur-magnetique\/\">Mesureur d\u2019\u00e9paisseur magn\u00e9tique<\/a><\/div><\/h2><div class=\"wpr-grid-item-price elementor-repeater-item-bf7ad28 wpr-grid-item-display-block wpr-grid-item-align-left\"><div class=\"inner-block\"><span><\/span><\/div><\/div><\/div><\/div><\/article><article class=\"wpr-grid-item elementor-clearfix post-7322 product type-product status-publish has-post-thumbnail product_cat-geometrie-tridimensionnelle ts_product_brand-walterbai  instock shipping-taxable product-type-simple add-to-wishlist-after_add_to_cart\"><div class=\"wpr-grid-item-inner\"><div class=\"wpr-grid-media-wrap wpr-effect-size-medium \" data-overlay-link=\"yes\"><div class=\"wpr-grid-image-wrap\" data-src=\"https:\/\/crm-constantine.dz\/ar\/wp-content\/uploads\/sites\/13\/2024\/03\/Rugosimetre.webp\"  data-img-on-hover=\"\" data-src-secondary=\"\"><img decoding=\"async\" src=\"https:\/\/crm-constantine.dz\/ar\/wp-content\/uploads\/sites\/13\/2024\/03\/Rugosimetre.webp\" alt=\"Rugosim\u00e8tre\" class=\"wpr-anim-timing-ease-default\"><\/div><div class=\"wpr-grid-media-hover wpr-animation-wrap\"><div class=\"wpr-grid-media-hover-bg  wpr-overlay-fade-in wpr-anim-size-large wpr-anim-timing-ease-default wpr-anim-transparency\" data-url=\"https:\/\/crm-constantine.dz\/ar\/product\/rugosimetre\/\"><\/div><div class=\"wpr-cv-container\"><div class=\"wpr-cv-outer\"><div class=\"wpr-cv-inner\"><div class=\"wpr-grid-media-hover-middle elementor-clearfix\"><div class=\"wpr-grid-item-status elementor-repeater-item-0f281d9 wpr-grid-item-display-block wpr-grid-item-align-middle wpr-element-fade-in wpr-anim-size-large wpr-anim-timing-ease-default wpr-anim-transparency\"><div class=\"inner-block\"><\/div><\/div><\/div><\/div><\/div><\/div><\/div><\/div><div class=\"wpr-grid-item-below-content elementor-clearfix\"><h2 class=\"wpr-grid-item-title elementor-repeater-item-ad3b24d wpr-grid-item-display-block wpr-grid-item-align-left wpr-pointer-none wpr-pointer-line-fx wpr-pointer-fx-fade\"><div class=\"inner-block\"><a target=\"_self\"   href=\"https:\/\/crm-constantine.dz\/ar\/product\/rugosimetre\/\">Rugosim\u00e8tre<\/a><\/div><\/h2><div class=\"wpr-grid-item-price elementor-repeater-item-bf7ad28 wpr-grid-item-display-block wpr-grid-item-align-left\"><div class=\"inner-block\"><span><\/span><\/div><\/div><\/div><\/div><\/article><article class=\"wpr-grid-item elementor-clearfix post-7327 product type-product status-publish has-post-thumbnail product_cat-geometrie-tridimensionnelle ts_product_brand-walterbai  instock shipping-taxable product-type-simple add-to-wishlist-after_add_to_cart\"><div class=\"wpr-grid-item-inner\"><div class=\"wpr-grid-media-wrap wpr-effect-size-medium \" data-overlay-link=\"yes\"><div class=\"wpr-grid-image-wrap\" data-src=\"https:\/\/crm-constantine.dz\/ar\/wp-content\/uploads\/sites\/13\/2024\/03\/Enrobeuse-a-chaud-1.webp\"  data-img-on-hover=\"\" data-src-secondary=\"\"><img decoding=\"async\" src=\"https:\/\/crm-constantine.dz\/ar\/wp-content\/uploads\/sites\/13\/2024\/03\/Enrobeuse-a-chaud-1.webp\" alt=\"Enrobeuse \u00e0 chaud\" class=\"wpr-anim-timing-ease-default\"><\/div><div class=\"wpr-grid-media-hover wpr-animation-wrap\"><div class=\"wpr-grid-media-hover-bg  wpr-overlay-fade-in wpr-anim-size-large wpr-anim-timing-ease-default wpr-anim-transparency\" data-url=\"https:\/\/crm-constantine.dz\/ar\/product\/enrobeuse-a-chaud\/\"><\/div><div class=\"wpr-cv-container\"><div class=\"wpr-cv-outer\"><div class=\"wpr-cv-inner\"><div class=\"wpr-grid-media-hover-middle elementor-clearfix\"><div class=\"wpr-grid-item-status elementor-repeater-item-0f281d9 wpr-grid-item-display-block wpr-grid-item-align-middle wpr-element-fade-in wpr-anim-size-large wpr-anim-timing-ease-default wpr-anim-transparency\"><div class=\"inner-block\"><\/div><\/div><\/div><\/div><\/div><\/div><\/div><\/div><div class=\"wpr-grid-item-below-content elementor-clearfix\"><h2 class=\"wpr-grid-item-title elementor-repeater-item-ad3b24d wpr-grid-item-display-block wpr-grid-item-align-left wpr-pointer-none wpr-pointer-line-fx wpr-pointer-fx-fade\"><div class=\"inner-block\"><a target=\"_self\"   href=\"https:\/\/crm-constantine.dz\/ar\/product\/enrobeuse-a-chaud\/\">Enrobeuse \u00e0 chaud<\/a><\/div><\/h2><div class=\"wpr-grid-item-price elementor-repeater-item-bf7ad28 wpr-grid-item-display-block wpr-grid-item-align-left\"><div class=\"inner-block\"><span><\/span><\/div><\/div><\/div><\/div><\/article><article class=\"wpr-grid-item elementor-clearfix post-7332 product type-product status-publish has-post-thumbnail product_cat-geometrie-tridimensionnelle ts_product_brand-walterbai last instock shipping-taxable product-type-simple add-to-wishlist-after_add_to_cart\"><div class=\"wpr-grid-item-inner\"><div class=\"wpr-grid-media-wrap wpr-effect-size-medium \" data-overlay-link=\"yes\"><div class=\"wpr-grid-image-wrap\" data-src=\"https:\/\/crm-constantine.dz\/ar\/wp-content\/uploads\/sites\/13\/2024\/03\/Polisseuse-1.png\"  data-img-on-hover=\"\" data-src-secondary=\"\"><img decoding=\"async\" src=\"https:\/\/crm-constantine.dz\/ar\/wp-content\/uploads\/sites\/13\/2024\/03\/Polisseuse-1.png\" alt=\"Polisseuse\" class=\"wpr-anim-timing-ease-default\"><\/div><div class=\"wpr-grid-media-hover wpr-animation-wrap\"><div class=\"wpr-grid-media-hover-bg  wpr-overlay-fade-in wpr-anim-size-large wpr-anim-timing-ease-default wpr-anim-transparency\" data-url=\"https:\/\/crm-constantine.dz\/ar\/product\/polisseuse\/\"><\/div><div class=\"wpr-cv-container\"><div class=\"wpr-cv-outer\"><div class=\"wpr-cv-inner\"><div class=\"wpr-grid-media-hover-middle elementor-clearfix\"><div class=\"wpr-grid-item-status elementor-repeater-item-0f281d9 wpr-grid-item-display-block wpr-grid-item-align-middle wpr-element-fade-in wpr-anim-size-large wpr-anim-timing-ease-default wpr-anim-transparency\"><div class=\"inner-block\"><\/div><\/div><\/div><\/div><\/div><\/div><\/div><\/div><div class=\"wpr-grid-item-below-content elementor-clearfix\"><h2 class=\"wpr-grid-item-title elementor-repeater-item-ad3b24d wpr-grid-item-display-block wpr-grid-item-align-left wpr-pointer-none wpr-pointer-line-fx wpr-pointer-fx-fade\"><div class=\"inner-block\"><a target=\"_self\"   href=\"https:\/\/crm-constantine.dz\/ar\/product\/polisseuse\/\">Polisseuse<\/a><\/div><\/h2><div class=\"wpr-grid-item-price elementor-repeater-item-bf7ad28 wpr-grid-item-display-block wpr-grid-item-align-left\"><div class=\"inner-block\"><span><\/span><\/div><\/div><\/div><\/div><\/article><article class=\"wpr-grid-item elementor-clearfix post-7337 product type-product status-publish has-post-thumbnail product_cat-geometrie-tridimensionnelle ts_product_brand-walterbai first instock shipping-taxable product-type-simple add-to-wishlist-after_add_to_cart\"><div class=\"wpr-grid-item-inner\"><div class=\"wpr-grid-media-wrap wpr-effect-size-medium \" data-overlay-link=\"yes\"><div class=\"wpr-grid-image-wrap\" data-src=\"https:\/\/crm-constantine.dz\/ar\/wp-content\/uploads\/sites\/13\/2024\/03\/Tronconneuse-1.webp\"  data-img-on-hover=\"\" data-src-secondary=\"\"><img decoding=\"async\" src=\"https:\/\/crm-constantine.dz\/ar\/wp-content\/uploads\/sites\/13\/2024\/03\/Tronconneuse-1.webp\" alt=\"Tron\u00e7onneuse\" class=\"wpr-anim-timing-ease-default\"><\/div><div class=\"wpr-grid-media-hover wpr-animation-wrap\"><div class=\"wpr-grid-media-hover-bg  wpr-overlay-fade-in wpr-anim-size-large wpr-anim-timing-ease-default wpr-anim-transparency\" data-url=\"https:\/\/crm-constantine.dz\/ar\/product\/tronconneuse\/\"><\/div><div class=\"wpr-cv-container\"><div class=\"wpr-cv-outer\"><div class=\"wpr-cv-inner\"><div class=\"wpr-grid-media-hover-middle elementor-clearfix\"><div class=\"wpr-grid-item-status elementor-repeater-item-0f281d9 wpr-grid-item-display-block wpr-grid-item-align-middle wpr-element-fade-in wpr-anim-size-large wpr-anim-timing-ease-default wpr-anim-transparency\"><div class=\"inner-block\"><\/div><\/div><\/div><\/div><\/div><\/div><\/div><\/div><div class=\"wpr-grid-item-below-content elementor-clearfix\"><h2 class=\"wpr-grid-item-title elementor-repeater-item-ad3b24d wpr-grid-item-display-block wpr-grid-item-align-left wpr-pointer-none wpr-pointer-line-fx wpr-pointer-fx-fade\"><div class=\"inner-block\"><a target=\"_self\"   href=\"https:\/\/crm-constantine.dz\/ar\/product\/tronconneuse\/\">Tron\u00e7onneuse<\/a><\/div><\/h2><div class=\"wpr-grid-item-price elementor-repeater-item-bf7ad28 wpr-grid-item-display-block wpr-grid-item-align-left\"><div class=\"inner-block\"><span><\/span><\/div><\/div><\/div><\/div><\/article><\/section><div class=\"wpr-grid-pagination elementor-clearfix wpr-grid-pagination-load-more\"><a href=\"https:\/\/crm-constantine.dz\/ar\/wp-json\/wp\/v2\/pages\/7480\/page\/2\/\" class=\"wpr-load-more-btn\" data-e-disable-page-transition>\u0627\u0644\u0645\u0632\u064a\u062f<\/a><div class=\"wpr-pagination-loading\"><div class=\"wpr-double-bounce\"><div class=\"wpr-child wpr-double-bounce1\"><\/div><div class=\"wpr-child wpr-double-bounce2\"><\/div><\/div><\/div><p class=\"wpr-pagination-finish\">\u0644\u0627 \u062a\u0648\u062c\u062f \u0645\u0646\u062a\u062c\u0627\u062a \u0623\u062e\u0631\u0649 \u0644\u0639\u0631\u0636\u0647\u0627<\/p><\/div>\t\t<\/div>\n\t\t\t\t<\/div>\n\t\t\t\t\t<\/div>\n\t\t\t\t<\/div>\n\t\t\t\t<\/div>\n\t\t","protected":false},"excerpt":{"rendered":"<p>All G\u00e9om\u00e9trie Tridimensionnelle Rugosim\u00e8tre Enrobeuse \u00e0 chaud Polisseuse Tron\u00e7onneuse Cam\u00e9ra infrarouge &#038; accessoires Microscope de recherch\u00e9 polarize Loupe Binoculaire Microscope Optique m\u00e9tallographique Bras de mesure tridimensionnel MMT \u0627\u0644\u0645\u0632\u064a\u062f \u0644\u0627 \u062a\u0648\u062c\u062f \u0645\u0646\u062a\u062c\u0627\u062a \u0623\u062e\u0631\u0649 \u0644\u0639\u0631\u0636\u0647\u0627<\/p>\n","protected":false},"author":1,"featured_media":0,"parent":0,"menu_order":0,"comment_status":"closed","ping_status":"closed","template":"","meta":{"_seopress_robots_primary_cat":"","_seopress_titles_title":"","_seopress_titles_desc":"","_seopress_robots_index":"","ngg_post_thumbnail":0,"footnotes":""},"categories":[],"tags":[],"rttpg_featured_image_url":null,"rttpg_author":{"display_name":"hassane","author_link":"https:\/\/crm-constantine.dz\/ar\/blog\/author\/hassane\/"},"rttpg_comment":0,"rttpg_category":false,"rttpg_excerpt":"All G\u00e9om\u00e9trie Tridimensionnelle Rugosim\u00e8tre Enrobeuse \u00e0 chaud Polisseuse Tron\u00e7onneuse Cam\u00e9ra infrarouge &#038; accessoires Microscope de recherch\u00e9 polarize Loupe Binoculaire Microscope Optique m\u00e9tallographique Bras de mesure tridimensionnel MMT \u0627\u0644\u0645\u0632\u064a\u062f \u0644\u0627 \u062a\u0648\u062c\u062f \u0645\u0646\u062a\u062c\u0627\u062a \u0623\u062e\u0631\u0649 \u0644\u0639\u0631\u0636\u0647\u0627","_links":{"self":[{"href":"https:\/\/crm-constantine.dz\/ar\/wp-json\/wp\/v2\/pages\/7480"}],"collection":[{"href":"https:\/\/crm-constantine.dz\/ar\/wp-json\/wp\/v2\/pages"}],"about":[{"href":"https:\/\/crm-constantine.dz\/ar\/wp-json\/wp\/v2\/types\/page"}],"author":[{"embeddable":true,"href":"https:\/\/crm-constantine.dz\/ar\/wp-json\/wp\/v2\/users\/1"}],"replies":[{"embeddable":true,"href":"https:\/\/crm-constantine.dz\/ar\/wp-json\/wp\/v2\/comments?post=7480"}],"version-history":[{"count":9,"href":"https:\/\/crm-constantine.dz\/ar\/wp-json\/wp\/v2\/pages\/7480\/revisions"}],"predecessor-version":[{"id":7901,"href":"https:\/\/crm-constantine.dz\/ar\/wp-json\/wp\/v2\/pages\/7480\/revisions\/7901"}],"wp:attachment":[{"href":"https:\/\/crm-constantine.dz\/ar\/wp-json\/wp\/v2\/media?parent=7480"}],"wp:term":[{"taxonomy":"category","embeddable":true,"href":"https:\/\/crm-constantine.dz\/ar\/wp-json\/wp\/v2\/categories?post=7480"},{"taxonomy":"post_tag","embeddable":true,"href":"https:\/\/crm-constantine.dz\/ar\/wp-json\/wp\/v2\/tags?post=7480"}],"curies":[{"name":"wp","href":"https:\/\/api.w.org\/{rel}","templated":true}]}}