{"id":7460,"date":"2024-03-05T08:42:12","date_gmt":"2024-03-05T08:42:12","guid":{"rendered":"https:\/\/crm-constantine.dz\/ar\/?page_id=7460"},"modified":"2024-07-21T14:21:29","modified_gmt":"2024-07-21T14:21:29","slug":"%d8%b9%d9%85%d9%84%d9%8a%d8%a7%d8%aa-%d8%a7%d9%84%d8%aa%d8%b5%d9%86%d9%8a%d8%b9","status":"publish","type":"page","link":"https:\/\/crm-constantine.dz\/ar\/%d8%b9%d9%85%d9%84%d9%8a%d8%a7%d8%aa-%d8%a7%d9%84%d8%aa%d8%b5%d9%86%d9%8a%d8%b9\/","title":{"rendered":"\u0639\u0645\u0644\u064a\u0627\u062a \u0627\u0644\u062a\u0635\u0646\u064a\u0639"},"content":{"rendered":"\t\t<div data-elementor-type=\"wp-page\" data-elementor-id=\"7460\" class=\"elementor elementor-7460\" data-elementor-post-type=\"page\">\n\t\t\t\t<div class=\"elementor-element elementor-element-c555517 e-flex e-con-boxed wpr-particle-no wpr-jarallax-no wpr-parallax-no wpr-sticky-section-no e-con e-parent\" data-id=\"c555517\" data-element_type=\"container\">\n\t\t\t\t\t<div class=\"e-con-inner\">\n\t\t\t\t<div class=\"elementor-element elementor-element-a0477fd wpr-grid-columns-3 wpr-grid-columns--laptop3 wpr-grid-columns--tablet_extra3 wpr-grid-columns--tablet2 wpr-grid-columns--mobile1 wpr-grid-pagination-center wpr-item-styles-inner elementor-widget elementor-widget-wpr-woo-grid\" data-id=\"a0477fd\" data-element_type=\"widget\" data-widget_type=\"wpr-woo-grid.default\">\n\t\t\t\t<div class=\"elementor-widget-container\">\n\t\t\t<ul class=\"wpr-grid-filters elementor-clearfix wpr-grid-filters-sep-right\"><li class=\" wpr-pointer-none wpr-pointer-line-fx wpr-pointer-fx-none\"><span data-filter=\"*\" class=\"wpr-active-filter \">All<\/span><em class=\"wpr-grid-filters-sep\"><\/em><\/li><li class=\" wpr-pointer-none wpr-pointer-line-fx wpr-pointer-fx-none\"><span  data-filter=\".product_cat-procede-de-fabrication\">Proc\u00e9d\u00e9 de Fabrication<\/span><em class=\"wpr-grid-filters-sep\"><\/em><\/li><\/ul><section class=\"wpr-grid elementor-clearfix\" data-settings=\"{&quot;layout&quot;:&quot;fitRows&quot;,&quot;stick_last_element_to_bottom&quot;:&quot;&quot;,&quot;columns_desktop&quot;:3,&quot;gutter_hr&quot;:20,&quot;gutter_hr_mobile&quot;:20,&quot;gutter_hr_mobile_extra&quot;:20,&quot;gutter_hr_tablet&quot;:20,&quot;gutter_hr_tablet_extra&quot;:20,&quot;gutter_hr_laptop&quot;:20,&quot;gutter_hr_widescreen&quot;:20,&quot;gutter_vr&quot;:30,&quot;gutter_vr_mobile&quot;:30,&quot;gutter_vr_mobile_extra&quot;:30,&quot;gutter_vr_tablet&quot;:30,&quot;gutter_vr_tablet_extra&quot;:30,&quot;gutter_vr_laptop&quot;:30,&quot;gutter_vr_widescreen&quot;:30,&quot;animation&quot;:&quot;default&quot;,&quot;animation_duration&quot;:0.3,&quot;animation_delay&quot;:0.1,&quot;deeplinking&quot;:&quot;&quot;,&quot;filters_linkable&quot;:&quot;no&quot;,&quot;filters_default_filter&quot;:&quot;&quot;,&quot;filters_count&quot;:&quot;&quot;,&quot;filters_hide_empty&quot;:&quot;no&quot;,&quot;filters_animation&quot;:&quot;default&quot;,&quot;filters_animation_duration&quot;:0.3,&quot;filters_animation_delay&quot;:0.1,&quot;pagination_type&quot;:&quot;load-more&quot;,&quot;pagination_max_pages&quot;:2,&quot;lightbox&quot;:{&quot;selector&quot;:&quot;.wpr-grid-image-wrap&quot;,&quot;iframeMaxWidth&quot;:&quot;60%&quot;,&quot;hash&quot;:false,&quot;autoplay&quot;:&quot;true&quot;,&quot;pause&quot;:5000,&quot;progressBar&quot;:&quot;true&quot;,&quot;counter&quot;:&quot;true&quot;,&quot;controls&quot;:&quot;true&quot;,&quot;getCaptionFromTitleOrAlt&quot;:&quot;true&quot;,&quot;thumbnail&quot;:&quot;&quot;,&quot;showThumbByDefault&quot;:&quot;&quot;,&quot;share&quot;:&quot;&quot;,&quot;zoom&quot;:&quot;true&quot;,&quot;fullScreen&quot;:&quot;true&quot;,&quot;download&quot;:&quot;true&quot;}}\" data-found-posts = 10><article class=\"wpr-grid-item elementor-clearfix post-7456 product type-product status-publish has-post-thumbnail product_cat-procede-de-fabrication ts_product_brand-optika first instock shipping-taxable product-type-simple add-to-wishlist-after_add_to_cart\"><div class=\"wpr-grid-item-inner\"><div class=\"wpr-grid-media-wrap wpr-effect-size-medium \" data-overlay-link=\"yes\"><div class=\"wpr-grid-image-wrap\" data-src=\"https:\/\/crm-constantine.dz\/ar\/wp-content\/uploads\/sites\/13\/2024\/03\/Tronconneuse-electrique-datelier.webp\"  data-img-on-hover=\"\" data-src-secondary=\"\"><img decoding=\"async\" src=\"https:\/\/crm-constantine.dz\/ar\/wp-content\/uploads\/sites\/13\/2024\/03\/Tronconneuse-electrique-datelier.webp\" alt=\"Tron\u00e7onneuse \u00e9lectrique d\u2019atelier\" class=\"wpr-anim-timing-ease-default\"><\/div><div class=\"wpr-grid-media-hover wpr-animation-wrap\"><div class=\"wpr-grid-media-hover-bg  wpr-overlay-fade-in wpr-anim-size-large wpr-anim-timing-ease-default wpr-anim-transparency\" data-url=\"https:\/\/crm-constantine.dz\/ar\/product\/tronconneuse-electrique-datelier\/\"><\/div><div class=\"wpr-cv-container\"><div class=\"wpr-cv-outer\"><div class=\"wpr-cv-inner\"><div class=\"wpr-grid-media-hover-middle elementor-clearfix\"><div class=\"wpr-grid-item-status elementor-repeater-item-0f281d9 wpr-grid-item-display-block wpr-grid-item-align-middle wpr-element-fade-in wpr-anim-size-large wpr-anim-timing-ease-default wpr-anim-transparency\"><div class=\"inner-block\"><\/div><\/div><\/div><\/div><\/div><\/div><\/div><\/div><div class=\"wpr-grid-item-below-content elementor-clearfix\"><h2 class=\"wpr-grid-item-title elementor-repeater-item-ad3b24d wpr-grid-item-display-block wpr-grid-item-align-left wpr-pointer-none wpr-pointer-line-fx wpr-pointer-fx-fade\"><div class=\"inner-block\"><a target=\"_self\"   href=\"https:\/\/crm-constantine.dz\/ar\/product\/tronconneuse-electrique-datelier\/\">Tron\u00e7onneuse \u00e9lectrique d\u2019atelier<\/a><\/div><\/h2><div class=\"wpr-grid-item-price elementor-repeater-item-bf7ad28 wpr-grid-item-display-block wpr-grid-item-align-left\"><div class=\"inner-block\"><span><\/span><\/div><\/div><\/div><\/div><\/article><article class=\"wpr-grid-item elementor-clearfix post-7452 product type-product status-publish has-post-thumbnail product_cat-procede-de-fabrication ts_product_brand-optika  instock shipping-taxable product-type-simple add-to-wishlist-after_add_to_cart\"><div class=\"wpr-grid-item-inner\"><div class=\"wpr-grid-media-wrap wpr-effect-size-medium \" data-overlay-link=\"yes\"><div class=\"wpr-grid-image-wrap\" data-src=\"https:\/\/crm-constantine.dz\/ar\/wp-content\/uploads\/sites\/13\/2024\/03\/Perceuse-taraudeuse-detabli.webp\"  data-img-on-hover=\"\" data-src-secondary=\"\"><img decoding=\"async\" src=\"https:\/\/crm-constantine.dz\/ar\/wp-content\/uploads\/sites\/13\/2024\/03\/Perceuse-taraudeuse-detabli.webp\" alt=\"Perceuse taraudeuse d\u2019\u00e9tabli\" class=\"wpr-anim-timing-ease-default\"><\/div><div class=\"wpr-grid-media-hover wpr-animation-wrap\"><div class=\"wpr-grid-media-hover-bg  wpr-overlay-fade-in wpr-anim-size-large wpr-anim-timing-ease-default wpr-anim-transparency\" data-url=\"https:\/\/crm-constantine.dz\/ar\/product\/perceuse-taraudeuse-detabli\/\"><\/div><div class=\"wpr-cv-container\"><div class=\"wpr-cv-outer\"><div class=\"wpr-cv-inner\"><div class=\"wpr-grid-media-hover-middle elementor-clearfix\"><div class=\"wpr-grid-item-status elementor-repeater-item-0f281d9 wpr-grid-item-display-block wpr-grid-item-align-middle wpr-element-fade-in wpr-anim-size-large wpr-anim-timing-ease-default wpr-anim-transparency\"><div class=\"inner-block\"><\/div><\/div><\/div><\/div><\/div><\/div><\/div><\/div><div class=\"wpr-grid-item-below-content elementor-clearfix\"><h2 class=\"wpr-grid-item-title elementor-repeater-item-ad3b24d wpr-grid-item-display-block wpr-grid-item-align-left wpr-pointer-none wpr-pointer-line-fx wpr-pointer-fx-fade\"><div class=\"inner-block\"><a target=\"_self\"   href=\"https:\/\/crm-constantine.dz\/ar\/product\/perceuse-taraudeuse-detabli\/\">Perceuse taraudeuse d\u2019\u00e9tabli<\/a><\/div><\/h2><div class=\"wpr-grid-item-price elementor-repeater-item-bf7ad28 wpr-grid-item-display-block wpr-grid-item-align-left\"><div class=\"inner-block\"><span><\/span><\/div><\/div><\/div><\/div><\/article><article class=\"wpr-grid-item elementor-clearfix post-7448 product type-product status-publish has-post-thumbnail product_cat-procede-de-fabrication ts_product_brand-optika  instock shipping-taxable product-type-simple add-to-wishlist-after_add_to_cart\"><div class=\"wpr-grid-item-inner\"><div class=\"wpr-grid-media-wrap wpr-effect-size-medium \" data-overlay-link=\"yes\"><div class=\"wpr-grid-image-wrap\" data-src=\"https:\/\/crm-constantine.dz\/ar\/wp-content\/uploads\/sites\/13\/2024\/03\/Perceuse-a-colonne-datelier.webp\"  data-img-on-hover=\"\" data-src-secondary=\"\"><img decoding=\"async\" src=\"https:\/\/crm-constantine.dz\/ar\/wp-content\/uploads\/sites\/13\/2024\/03\/Perceuse-a-colonne-datelier.webp\" alt=\"Perceuse \u00e0 colonne d\u2019atelier\" class=\"wpr-anim-timing-ease-default\"><\/div><div class=\"wpr-grid-media-hover wpr-animation-wrap\"><div class=\"wpr-grid-media-hover-bg  wpr-overlay-fade-in wpr-anim-size-large wpr-anim-timing-ease-default wpr-anim-transparency\" data-url=\"https:\/\/crm-constantine.dz\/ar\/product\/perceuse-a-colonne-datelier\/\"><\/div><div class=\"wpr-cv-container\"><div class=\"wpr-cv-outer\"><div class=\"wpr-cv-inner\"><div class=\"wpr-grid-media-hover-middle elementor-clearfix\"><div class=\"wpr-grid-item-status elementor-repeater-item-0f281d9 wpr-grid-item-display-block wpr-grid-item-align-middle wpr-element-fade-in wpr-anim-size-large wpr-anim-timing-ease-default wpr-anim-transparency\"><div class=\"inner-block\"><\/div><\/div><\/div><\/div><\/div><\/div><\/div><\/div><div class=\"wpr-grid-item-below-content elementor-clearfix\"><h2 class=\"wpr-grid-item-title elementor-repeater-item-ad3b24d wpr-grid-item-display-block wpr-grid-item-align-left wpr-pointer-none wpr-pointer-line-fx wpr-pointer-fx-fade\"><div class=\"inner-block\"><a target=\"_self\"   href=\"https:\/\/crm-constantine.dz\/ar\/product\/perceuse-a-colonne-datelier\/\">Perceuse \u00e0 colonne d\u2019atelier<\/a><\/div><\/h2><div class=\"wpr-grid-item-price elementor-repeater-item-bf7ad28 wpr-grid-item-display-block wpr-grid-item-align-left\"><div class=\"inner-block\"><span><\/span><\/div><\/div><\/div><\/div><\/article><article class=\"wpr-grid-item elementor-clearfix post-7444 product type-product status-publish has-post-thumbnail product_cat-procede-de-fabrication ts_product_brand-optika last instock shipping-taxable product-type-simple add-to-wishlist-after_add_to_cart\"><div class=\"wpr-grid-item-inner\"><div class=\"wpr-grid-media-wrap wpr-effect-size-medium \" data-overlay-link=\"yes\"><div class=\"wpr-grid-image-wrap\" data-src=\"https:\/\/crm-constantine.dz\/ar\/wp-content\/uploads\/sites\/13\/2024\/03\/Rectifieuse-cylindrique.webp\"  data-img-on-hover=\"\" data-src-secondary=\"\"><img decoding=\"async\" src=\"https:\/\/crm-constantine.dz\/ar\/wp-content\/uploads\/sites\/13\/2024\/03\/Rectifieuse-cylindrique.webp\" alt=\"Rectifieuse cylindrique\" class=\"wpr-anim-timing-ease-default\"><\/div><div class=\"wpr-grid-media-hover wpr-animation-wrap\"><div class=\"wpr-grid-media-hover-bg  wpr-overlay-fade-in wpr-anim-size-large wpr-anim-timing-ease-default wpr-anim-transparency\" data-url=\"https:\/\/crm-constantine.dz\/ar\/product\/rectifieuse-cylindrique\/\"><\/div><div class=\"wpr-cv-container\"><div class=\"wpr-cv-outer\"><div class=\"wpr-cv-inner\"><div class=\"wpr-grid-media-hover-middle elementor-clearfix\"><div class=\"wpr-grid-item-status elementor-repeater-item-0f281d9 wpr-grid-item-display-block wpr-grid-item-align-middle wpr-element-fade-in wpr-anim-size-large wpr-anim-timing-ease-default wpr-anim-transparency\"><div class=\"inner-block\"><\/div><\/div><\/div><\/div><\/div><\/div><\/div><\/div><div class=\"wpr-grid-item-below-content elementor-clearfix\"><h2 class=\"wpr-grid-item-title elementor-repeater-item-ad3b24d wpr-grid-item-display-block wpr-grid-item-align-left wpr-pointer-none wpr-pointer-line-fx wpr-pointer-fx-fade\"><div class=\"inner-block\"><a target=\"_self\"   href=\"https:\/\/crm-constantine.dz\/ar\/product\/rectifieuse-cylindrique\/\">Rectifieuse cylindrique<\/a><\/div><\/h2><div class=\"wpr-grid-item-price elementor-repeater-item-bf7ad28 wpr-grid-item-display-block wpr-grid-item-align-left\"><div class=\"inner-block\"><span><\/span><\/div><\/div><\/div><\/div><\/article><article class=\"wpr-grid-item elementor-clearfix post-7440 product type-product status-publish has-post-thumbnail product_cat-procede-de-fabrication ts_product_brand-optika first instock shipping-taxable product-type-simple add-to-wishlist-after_add_to_cart\"><div class=\"wpr-grid-item-inner\"><div class=\"wpr-grid-media-wrap wpr-effect-size-medium \" data-overlay-link=\"yes\"><div class=\"wpr-grid-image-wrap\" data-src=\"https:\/\/crm-constantine.dz\/ar\/wp-content\/uploads\/sites\/13\/2024\/03\/Rectifieuse-universelle.webp\"  data-img-on-hover=\"\" data-src-secondary=\"\"><img decoding=\"async\" src=\"https:\/\/crm-constantine.dz\/ar\/wp-content\/uploads\/sites\/13\/2024\/03\/Rectifieuse-universelle.webp\" alt=\"Rectifieuse universelle\" class=\"wpr-anim-timing-ease-default\"><\/div><div class=\"wpr-grid-media-hover wpr-animation-wrap\"><div class=\"wpr-grid-media-hover-bg  wpr-overlay-fade-in wpr-anim-size-large wpr-anim-timing-ease-default wpr-anim-transparency\" data-url=\"https:\/\/crm-constantine.dz\/ar\/product\/rectifieuse-universelle\/\"><\/div><div class=\"wpr-cv-container\"><div class=\"wpr-cv-outer\"><div class=\"wpr-cv-inner\"><div class=\"wpr-grid-media-hover-middle elementor-clearfix\"><div class=\"wpr-grid-item-status elementor-repeater-item-0f281d9 wpr-grid-item-display-block wpr-grid-item-align-middle wpr-element-fade-in wpr-anim-size-large wpr-anim-timing-ease-default wpr-anim-transparency\"><div class=\"inner-block\"><\/div><\/div><\/div><\/div><\/div><\/div><\/div><\/div><div class=\"wpr-grid-item-below-content elementor-clearfix\"><h2 class=\"wpr-grid-item-title elementor-repeater-item-ad3b24d wpr-grid-item-display-block wpr-grid-item-align-left wpr-pointer-none wpr-pointer-line-fx wpr-pointer-fx-fade\"><div class=\"inner-block\"><a target=\"_self\"   href=\"https:\/\/crm-constantine.dz\/ar\/product\/rectifieuse-universelle\/\">Rectifieuse universelle<\/a><\/div><\/h2><div class=\"wpr-grid-item-price elementor-repeater-item-bf7ad28 wpr-grid-item-display-block wpr-grid-item-align-left\"><div class=\"inner-block\"><span><\/span><\/div><\/div><\/div><\/div><\/article><article class=\"wpr-grid-item elementor-clearfix post-7434 product type-product status-publish has-post-thumbnail product_cat-procede-de-fabrication ts_product_brand-optika  instock shipping-taxable product-type-simple add-to-wishlist-after_add_to_cart\"><div class=\"wpr-grid-item-inner\"><div class=\"wpr-grid-media-wrap wpr-effect-size-medium \" data-overlay-link=\"yes\"><div class=\"wpr-grid-image-wrap\" data-src=\"https:\/\/crm-constantine.dz\/ar\/wp-content\/uploads\/sites\/13\/2024\/03\/Fraiseuse-universelle.webp\"  data-img-on-hover=\"\" data-src-secondary=\"\"><img decoding=\"async\" src=\"https:\/\/crm-constantine.dz\/ar\/wp-content\/uploads\/sites\/13\/2024\/03\/Fraiseuse-universelle.webp\" alt=\"Fraiseuse universelle\" class=\"wpr-anim-timing-ease-default\"><\/div><div class=\"wpr-grid-media-hover wpr-animation-wrap\"><div class=\"wpr-grid-media-hover-bg  wpr-overlay-fade-in wpr-anim-size-large wpr-anim-timing-ease-default wpr-anim-transparency\" data-url=\"https:\/\/crm-constantine.dz\/ar\/product\/fraiseuse-universelle\/\"><\/div><div class=\"wpr-cv-container\"><div class=\"wpr-cv-outer\"><div class=\"wpr-cv-inner\"><div class=\"wpr-grid-media-hover-middle elementor-clearfix\"><div class=\"wpr-grid-item-status elementor-repeater-item-0f281d9 wpr-grid-item-display-block wpr-grid-item-align-middle wpr-element-fade-in wpr-anim-size-large wpr-anim-timing-ease-default wpr-anim-transparency\"><div class=\"inner-block\"><\/div><\/div><\/div><\/div><\/div><\/div><\/div><\/div><div class=\"wpr-grid-item-below-content elementor-clearfix\"><h2 class=\"wpr-grid-item-title elementor-repeater-item-ad3b24d wpr-grid-item-display-block wpr-grid-item-align-left wpr-pointer-none wpr-pointer-line-fx wpr-pointer-fx-fade\"><div class=\"inner-block\"><a target=\"_self\"   href=\"https:\/\/crm-constantine.dz\/ar\/product\/fraiseuse-universelle\/\">Fraiseuse universelle<\/a><\/div><\/h2><div class=\"wpr-grid-item-price elementor-repeater-item-bf7ad28 wpr-grid-item-display-block wpr-grid-item-align-left\"><div class=\"inner-block\"><span><\/span><\/div><\/div><\/div><\/div><\/article><article class=\"wpr-grid-item elementor-clearfix post-7428 product type-product status-publish has-post-thumbnail product_cat-procede-de-fabrication ts_product_brand-optika  instock shipping-taxable product-type-simple add-to-wishlist-after_add_to_cart\"><div class=\"wpr-grid-item-inner\"><div class=\"wpr-grid-media-wrap wpr-effect-size-medium \" data-overlay-link=\"yes\"><div class=\"wpr-grid-image-wrap\" data-src=\"https:\/\/crm-constantine.dz\/ar\/wp-content\/uploads\/sites\/13\/2024\/03\/Centre-de-fraisage-CNC-5-axes-1.webp\"  data-img-on-hover=\"\" data-src-secondary=\"\"><img decoding=\"async\" src=\"https:\/\/crm-constantine.dz\/ar\/wp-content\/uploads\/sites\/13\/2024\/03\/Centre-de-fraisage-CNC-5-axes-1.webp\" alt=\"Centre de fraisage CNC 5 axes\" class=\"wpr-anim-timing-ease-default\"><\/div><div class=\"wpr-grid-media-hover wpr-animation-wrap\"><div class=\"wpr-grid-media-hover-bg  wpr-overlay-fade-in wpr-anim-size-large wpr-anim-timing-ease-default wpr-anim-transparency\" data-url=\"https:\/\/crm-constantine.dz\/ar\/product\/centre-de-fraisage-cnc-5-axes\/\"><\/div><div class=\"wpr-cv-container\"><div class=\"wpr-cv-outer\"><div class=\"wpr-cv-inner\"><div class=\"wpr-grid-media-hover-middle elementor-clearfix\"><div class=\"wpr-grid-item-status elementor-repeater-item-0f281d9 wpr-grid-item-display-block wpr-grid-item-align-middle wpr-element-fade-in wpr-anim-size-large wpr-anim-timing-ease-default wpr-anim-transparency\"><div class=\"inner-block\"><\/div><\/div><\/div><\/div><\/div><\/div><\/div><\/div><div class=\"wpr-grid-item-below-content elementor-clearfix\"><h2 class=\"wpr-grid-item-title elementor-repeater-item-ad3b24d wpr-grid-item-display-block wpr-grid-item-align-left wpr-pointer-none wpr-pointer-line-fx wpr-pointer-fx-fade\"><div class=\"inner-block\"><a target=\"_self\"   href=\"https:\/\/crm-constantine.dz\/ar\/product\/centre-de-fraisage-cnc-5-axes\/\">Centre de fraisage CNC 5 axes<\/a><\/div><\/h2><div class=\"wpr-grid-item-price elementor-repeater-item-bf7ad28 wpr-grid-item-display-block wpr-grid-item-align-left\"><div class=\"inner-block\"><span><\/span><\/div><\/div><\/div><\/div><\/article><article class=\"wpr-grid-item elementor-clearfix post-7423 product type-product status-publish has-post-thumbnail product_cat-procede-de-fabrication ts_product_brand-optika last instock shipping-taxable product-type-simple add-to-wishlist-after_add_to_cart\"><div class=\"wpr-grid-item-inner\"><div class=\"wpr-grid-media-wrap wpr-effect-size-medium \" data-overlay-link=\"yes\"><div class=\"wpr-grid-image-wrap\" data-src=\"https:\/\/crm-constantine.dz\/ar\/wp-content\/uploads\/sites\/13\/2024\/03\/Tour-parallele-1.webp\"  data-img-on-hover=\"\" data-src-secondary=\"\"><img decoding=\"async\" src=\"https:\/\/crm-constantine.dz\/ar\/wp-content\/uploads\/sites\/13\/2024\/03\/Tour-parallele-1.webp\" alt=\"Tour parall\u00e8le\" class=\"wpr-anim-timing-ease-default\"><\/div><div class=\"wpr-grid-media-hover wpr-animation-wrap\"><div class=\"wpr-grid-media-hover-bg  wpr-overlay-fade-in wpr-anim-size-large wpr-anim-timing-ease-default wpr-anim-transparency\" data-url=\"https:\/\/crm-constantine.dz\/ar\/product\/tour-parallele\/\"><\/div><div class=\"wpr-cv-container\"><div class=\"wpr-cv-outer\"><div class=\"wpr-cv-inner\"><div class=\"wpr-grid-media-hover-middle elementor-clearfix\"><div class=\"wpr-grid-item-status elementor-repeater-item-0f281d9 wpr-grid-item-display-block wpr-grid-item-align-middle wpr-element-fade-in wpr-anim-size-large wpr-anim-timing-ease-default wpr-anim-transparency\"><div class=\"inner-block\"><\/div><\/div><\/div><\/div><\/div><\/div><\/div><\/div><div class=\"wpr-grid-item-below-content elementor-clearfix\"><h2 class=\"wpr-grid-item-title elementor-repeater-item-ad3b24d wpr-grid-item-display-block wpr-grid-item-align-left wpr-pointer-none wpr-pointer-line-fx wpr-pointer-fx-fade\"><div class=\"inner-block\"><a target=\"_self\"   href=\"https:\/\/crm-constantine.dz\/ar\/product\/tour-parallele\/\">Tour parall\u00e8le<\/a><\/div><\/h2><div class=\"wpr-grid-item-price elementor-repeater-item-bf7ad28 wpr-grid-item-display-block wpr-grid-item-align-left\"><div class=\"inner-block\"><span><\/span><\/div><\/div><\/div><\/div><\/article><article class=\"wpr-grid-item elementor-clearfix post-7418 product type-product status-publish has-post-thumbnail product_cat-procede-de-fabrication ts_product_brand-optika first instock shipping-taxable product-type-simple add-to-wishlist-after_add_to_cart\"><div class=\"wpr-grid-item-inner\"><div class=\"wpr-grid-media-wrap wpr-effect-size-medium \" data-overlay-link=\"yes\"><div class=\"wpr-grid-image-wrap\" data-src=\"https:\/\/crm-constantine.dz\/ar\/wp-content\/uploads\/sites\/13\/2024\/03\/Tour-CNC-5-axes.webp\"  data-img-on-hover=\"\" data-src-secondary=\"\"><img decoding=\"async\" src=\"https:\/\/crm-constantine.dz\/ar\/wp-content\/uploads\/sites\/13\/2024\/03\/Tour-CNC-5-axes.webp\" alt=\"Tour CNC 5 axes\" class=\"wpr-anim-timing-ease-default\"><\/div><div class=\"wpr-grid-media-hover wpr-animation-wrap\"><div class=\"wpr-grid-media-hover-bg  wpr-overlay-fade-in wpr-anim-size-large wpr-anim-timing-ease-default wpr-anim-transparency\" data-url=\"https:\/\/crm-constantine.dz\/ar\/product\/tour-cnc-5-axes\/\"><\/div><div class=\"wpr-cv-container\"><div class=\"wpr-cv-outer\"><div class=\"wpr-cv-inner\"><div class=\"wpr-grid-media-hover-middle elementor-clearfix\"><div class=\"wpr-grid-item-status elementor-repeater-item-0f281d9 wpr-grid-item-display-block wpr-grid-item-align-middle wpr-element-fade-in wpr-anim-size-large wpr-anim-timing-ease-default wpr-anim-transparency\"><div class=\"inner-block\"><\/div><\/div><\/div><\/div><\/div><\/div><\/div><\/div><div class=\"wpr-grid-item-below-content elementor-clearfix\"><h2 class=\"wpr-grid-item-title elementor-repeater-item-ad3b24d wpr-grid-item-display-block wpr-grid-item-align-left wpr-pointer-none wpr-pointer-line-fx wpr-pointer-fx-fade\"><div class=\"inner-block\"><a target=\"_self\"   href=\"https:\/\/crm-constantine.dz\/ar\/product\/tour-cnc-5-axes\/\">Tour CNC 5 axes<\/a><\/div><\/h2><div class=\"wpr-grid-item-price elementor-repeater-item-bf7ad28 wpr-grid-item-display-block wpr-grid-item-align-left\"><div class=\"inner-block\"><span><\/span><\/div><\/div><\/div><\/div><\/article><\/section><div class=\"wpr-grid-pagination elementor-clearfix wpr-grid-pagination-load-more\"><a href=\"https:\/\/crm-constantine.dz\/ar\/wp-json\/wp\/v2\/pages\/7460\/page\/2\/\" class=\"wpr-load-more-btn\" data-e-disable-page-transition>\u0627\u0644\u0645\u0632\u064a\u062f<\/a><div class=\"wpr-pagination-loading\"><div class=\"wpr-double-bounce\"><div class=\"wpr-child wpr-double-bounce1\"><\/div><div class=\"wpr-child wpr-double-bounce2\"><\/div><\/div><\/div><p class=\"wpr-pagination-finish\">\u0644\u0627 \u062a\u0648\u062c\u062f \u0645\u0646\u062a\u062c\u0627\u062a \u0623\u062e\u0631\u0649 \u0644\u0639\u0631\u0636\u0647\u0627<\/p><\/div>\t\t<\/div>\n\t\t\t\t<\/div>\n\t\t\t\t\t<\/div>\n\t\t\t\t<\/div>\n\t\t\t\t<\/div>\n\t\t","protected":false},"excerpt":{"rendered":"<p>All Proc\u00e9d\u00e9 de Fabrication Tron\u00e7onneuse \u00e9lectrique d\u2019atelier Perceuse taraudeuse d\u2019\u00e9tabli Perceuse \u00e0 colonne d\u2019atelier Rectifieuse cylindrique Rectifieuse universelle Fraiseuse universelle Centre de fraisage CNC 5 axes Tour parall\u00e8le Tour CNC 5 axes \u0627\u0644\u0645\u0632\u064a\u062f \u0644\u0627 \u062a\u0648\u062c\u062f \u0645\u0646\u062a\u062c\u0627\u062a \u0623\u062e\u0631\u0649 \u0644\u0639\u0631\u0636\u0647\u0627<\/p>\n","protected":false},"author":1,"featured_media":0,"parent":0,"menu_order":0,"comment_status":"closed","ping_status":"closed","template":"","meta":{"_seopress_robots_primary_cat":"","_seopress_titles_title":"","_seopress_titles_desc":"","_seopress_robots_index":"","ngg_post_thumbnail":0,"footnotes":""},"categories":[],"tags":[],"rttpg_featured_image_url":null,"rttpg_author":{"display_name":"hassane","author_link":"https:\/\/crm-constantine.dz\/ar\/blog\/author\/hassane\/"},"rttpg_comment":0,"rttpg_category":false,"rttpg_excerpt":"All Proc\u00e9d\u00e9 de Fabrication Tron\u00e7onneuse \u00e9lectrique d\u2019atelier Perceuse taraudeuse d\u2019\u00e9tabli Perceuse \u00e0 colonne d\u2019atelier Rectifieuse cylindrique Rectifieuse universelle Fraiseuse universelle Centre de fraisage CNC 5 axes Tour parall\u00e8le Tour CNC 5 axes \u0627\u0644\u0645\u0632\u064a\u062f \u0644\u0627 \u062a\u0648\u062c\u062f \u0645\u0646\u062a\u062c\u0627\u062a \u0623\u062e\u0631\u0649 \u0644\u0639\u0631\u0636\u0647\u0627","_links":{"self":[{"href":"https:\/\/crm-constantine.dz\/ar\/wp-json\/wp\/v2\/pages\/7460"}],"collection":[{"href":"https:\/\/crm-constantine.dz\/ar\/wp-json\/wp\/v2\/pages"}],"about":[{"href":"https:\/\/crm-constantine.dz\/ar\/wp-json\/wp\/v2\/types\/page"}],"author":[{"embeddable":true,"href":"https:\/\/crm-constantine.dz\/ar\/wp-json\/wp\/v2\/users\/1"}],"replies":[{"embeddable":true,"href":"https:\/\/crm-constantine.dz\/ar\/wp-json\/wp\/v2\/comments?post=7460"}],"version-history":[{"count":19,"href":"https:\/\/crm-constantine.dz\/ar\/wp-json\/wp\/v2\/pages\/7460\/revisions"}],"predecessor-version":[{"id":7911,"href":"https:\/\/crm-constantine.dz\/ar\/wp-json\/wp\/v2\/pages\/7460\/revisions\/7911"}],"wp:attachment":[{"href":"https:\/\/crm-constantine.dz\/ar\/wp-json\/wp\/v2\/media?parent=7460"}],"wp:term":[{"taxonomy":"category","embeddable":true,"href":"https:\/\/crm-constantine.dz\/ar\/wp-json\/wp\/v2\/categories?post=7460"},{"taxonomy":"post_tag","embeddable":true,"href":"https:\/\/crm-constantine.dz\/ar\/wp-json\/wp\/v2\/tags?post=7460"}],"curies":[{"name":"wp","href":"https:\/\/api.w.org\/{rel}","templated":true}]}}